{"id":3164,"date":"2026-01-12T14:02:07","date_gmt":"2026-01-12T17:02:07","guid":{"rendered":"https:\/\/tiaraju.ppg.br\/site\/?page_id=3164"},"modified":"2026-01-12T14:06:57","modified_gmt":"2026-01-12T17:06:57","slug":"ago_hibrida","status":"publish","type":"page","link":"https:\/\/tiaraju.ppg.br\/site\/ago_hibrida\/","title":{"rendered":"AGO H\u00edbrida"},"content":{"rendered":"\t\t<div data-elementor-type=\"wp-page\" data-elementor-id=\"3164\" class=\"elementor elementor-3164\">\n\t\t\t\t\t\t<section class=\"elementor-section elementor-top-section elementor-element elementor-element-317f6990 elementor-section-full_width elementor-section-height-min-height elementor-section-height-default elementor-section-items-middle\" data-id=\"317f6990\" data-element_type=\"section\" data-settings=\"{&quot;background_background&quot;:&quot;classic&quot;}\">\n\t\t\t\t\t\t\t<div class=\"elementor-background-overlay\"><\/div>\n\t\t\t\t\t\t\t<div class=\"elementor-container elementor-column-gap-default\">\n\t\t\t\t\t<div class=\"elementor-column elementor-col-100 elementor-top-column elementor-element elementor-element-7eee80c8\" data-id=\"7eee80c8\" data-element_type=\"column\">\n\t\t\t<div class=\"elementor-widget-wrap\">\n\t\t\t\t\t\t\t<\/div>\n\t\t<\/div>\n\t\t\t\t\t<\/div>\n\t\t<\/section>\n\t\t\t\t<section class=\"elementor-section elementor-top-section elementor-element elementor-element-6a1a974f elementor-section-boxed elementor-section-height-default elementor-section-height-default\" data-id=\"6a1a974f\" data-element_type=\"section\" data-settings=\"{&quot;background_background&quot;:&quot;classic&quot;}\">\n\t\t\t\t\t\t<div class=\"elementor-container elementor-column-gap-default\">\n\t\t\t\t\t<div class=\"elementor-column elementor-col-100 elementor-top-column elementor-element elementor-element-737edaaf\" data-id=\"737edaaf\" data-element_type=\"column\">\n\t\t\t<div class=\"elementor-widget-wrap elementor-element-populated\">\n\t\t\t\t\t\t<div class=\"elementor-element elementor-element-2ddb05cf elementor-widget elementor-widget-spacer\" data-id=\"2ddb05cf\" data-element_type=\"widget\" data-widget_type=\"spacer.default\">\n\t\t\t\t<div class=\"elementor-widget-container\">\n\t\t\t\t\t\t\t<div class=\"elementor-spacer\">\n\t\t\t<div class=\"elementor-spacer-inner\"><\/div>\n\t\t<\/div>\n\t\t\t\t\t\t<\/div>\n\t\t\t\t<\/div>\n\t\t\t\t<div class=\"elementor-element elementor-element-b6b7f05 elementor-widget elementor-widget-heading\" data-id=\"b6b7f05\" data-element_type=\"widget\" data-widget_type=\"heading.default\">\n\t\t\t\t<div class=\"elementor-widget-container\">\n\t\t\t\t\t<h1 class=\"elementor-heading-title elementor-size-default\">AGO H\u00edbrida Cooperativa Nossa Terra: Governan\u00e7a e Inclus\u00e3o Digital (2021-2026)<\/h1>\t\t\t\t<\/div>\n\t\t\t\t<\/div>\n\t\t\t\t<div class=\"elementor-element elementor-element-429af1cb elementor-widget elementor-widget-text-editor\" data-id=\"429af1cb\" data-element_type=\"widget\" data-widget_type=\"text-editor.default\">\n\t\t\t\t<div class=\"elementor-widget-container\">\n\t\t\t\t\t\t\t\t\t<p><b class=\"ui-typography-text-bold\">O Desafio:<\/b><\/p><p>Garantir a integridade e a participa\u00e7\u00e3o democr\u00e1tica de milhares de associados num ecossistema h\u00edbrido, superando barreiras de conectividade rural e letramento digital.<\/p>\t\t\t\t\t\t\t\t<\/div>\n\t\t\t\t<\/div>\n\t\t\t\t<div class=\"elementor-element elementor-element-517e3f40 elementor-widget elementor-widget-image\" data-id=\"517e3f40\" data-element_type=\"widget\" data-widget_type=\"image.default\">\n\t\t\t\t<div class=\"elementor-widget-container\">\n\t\t\t\t\t\t\t\t\t\t\t\t<figure class=\"wp-caption\">\n\t\t\t\t\t\t\t\t\t\t<img fetchpriority=\"high\" decoding=\"async\" width=\"1920\" height=\"1080\" src=\"https:\/\/tiaraju.ppg.br\/site\/wp-content\/uploads\/2026\/01\/Assembleias.jpg\" class=\"attachment-full size-full wp-image-3160\" alt=\"\" srcset=\"https:\/\/tiaraju.ppg.br\/site\/wp-content\/uploads\/2026\/01\/Assembleias.jpg 1920w, https:\/\/tiaraju.ppg.br\/site\/wp-content\/uploads\/2026\/01\/Assembleias-300x169.jpg 300w, https:\/\/tiaraju.ppg.br\/site\/wp-content\/uploads\/2026\/01\/Assembleias-1024x576.jpg 1024w, https:\/\/tiaraju.ppg.br\/site\/wp-content\/uploads\/2026\/01\/Assembleias-768x432.jpg 768w, https:\/\/tiaraju.ppg.br\/site\/wp-content\/uploads\/2026\/01\/Assembleias-1536x864.jpg 1536w, https:\/\/tiaraju.ppg.br\/site\/wp-content\/uploads\/2026\/01\/Assembleias-800x450.jpg 800w\" sizes=\"(max-width: 1920px) 100vw, 1920px\" \/>\t\t\t\t\t\t\t\t\t\t\t<figcaption class=\"widget-image-caption wp-caption-text\"><\/figcaption>\n\t\t\t\t\t\t\t\t\t\t<\/figure>\n\t\t\t\t\t\t\t\t\t<\/div>\n\t\t\t\t<\/div>\n\t\t\t\t<div class=\"elementor-element elementor-element-4dcbec9e elementor-widget elementor-widget-text-editor\" data-id=\"4dcbec9e\" data-element_type=\"widget\" data-widget_type=\"text-editor.default\">\n\t\t\t\t<div class=\"elementor-widget-container\">\n\t\t\t\t\t\t\t\t\t<p><b data-path-to-node=\"6,0\" data-index-in-node=\"0\">Conex\u00e3o Campo-Audit\u00f3rio:<\/b> A tecnologia como ponte para a democracia. O sistema permitiu que o associado exercesse seu voto direto da lavoura com a mesma seguran\u00e7a jur\u00eddica e validade do voto presencial.<\/p>\t\t\t\t\t\t\t\t<\/div>\n\t\t\t\t<\/div>\n\t\t\t\t<div class=\"elementor-element elementor-element-72e2c166 elementor-widget elementor-widget-image\" data-id=\"72e2c166\" data-element_type=\"widget\" data-widget_type=\"image.default\">\n\t\t\t\t<div class=\"elementor-widget-container\">\n\t\t\t\t\t\t\t\t\t\t\t\t<figure class=\"wp-caption\">\n\t\t\t\t\t\t\t\t\t\t<img decoding=\"async\" width=\"1920\" height=\"1080\" src=\"https:\/\/tiaraju.ppg.br\/site\/wp-content\/uploads\/2026\/01\/Assembleias-copiar.jpg\" class=\"attachment-full size-full wp-image-3168\" alt=\"\" srcset=\"https:\/\/tiaraju.ppg.br\/site\/wp-content\/uploads\/2026\/01\/Assembleias-copiar.jpg 1920w, https:\/\/tiaraju.ppg.br\/site\/wp-content\/uploads\/2026\/01\/Assembleias-copiar-300x169.jpg 300w, https:\/\/tiaraju.ppg.br\/site\/wp-content\/uploads\/2026\/01\/Assembleias-copiar-1024x576.jpg 1024w, https:\/\/tiaraju.ppg.br\/site\/wp-content\/uploads\/2026\/01\/Assembleias-copiar-768x432.jpg 768w, https:\/\/tiaraju.ppg.br\/site\/wp-content\/uploads\/2026\/01\/Assembleias-copiar-1536x864.jpg 1536w, https:\/\/tiaraju.ppg.br\/site\/wp-content\/uploads\/2026\/01\/Assembleias-copiar-800x450.jpg 800w\" sizes=\"(max-width: 1920px) 100vw, 1920px\" \/>\t\t\t\t\t\t\t\t\t\t\t<figcaption class=\"widget-image-caption wp-caption-text\"><\/figcaption>\n\t\t\t\t\t\t\t\t\t\t<\/figure>\n\t\t\t\t\t\t\t\t\t<\/div>\n\t\t\t\t<\/div>\n\t\t\t\t<div class=\"elementor-element elementor-element-1cf5da02 elementor-widget elementor-widget-text-editor\" data-id=\"1cf5da02\" data-element_type=\"widget\" data-widget_type=\"text-editor.default\">\n\t\t\t\t<div class=\"elementor-widget-container\">\n\t\t\t\t\t\t\t\t\t<p><b data-path-to-node=\"11,0\" data-index-in-node=\"0\">Design Inclusivo e Interface Amig\u00e1vel:<\/b> Sabendo que grande parte do p\u00fablico possui baixa familiaridade digital, desenvolvemos interfaces simplificadas (mobile-first) e materiais educativos pr\u00e9vios, reduzindo drasticamente a fric\u00e7\u00e3o no momento do voto.<\/p>\t\t\t\t\t\t\t\t<\/div>\n\t\t\t\t<\/div>\n\t\t\t\t<div class=\"elementor-element elementor-element-1f244bbb elementor-widget elementor-widget-image\" data-id=\"1f244bbb\" data-element_type=\"widget\" data-widget_type=\"image.default\">\n\t\t\t\t<div class=\"elementor-widget-container\">\n\t\t\t\t\t\t\t\t\t\t\t\t\t\t\t<img decoding=\"async\" width=\"1920\" height=\"1080\" src=\"https:\/\/tiaraju.ppg.br\/site\/wp-content\/uploads\/2026\/01\/Assembleias-copiar-2.jpg\" class=\"attachment-full size-full wp-image-3166\" alt=\"\" srcset=\"https:\/\/tiaraju.ppg.br\/site\/wp-content\/uploads\/2026\/01\/Assembleias-copiar-2.jpg 1920w, https:\/\/tiaraju.ppg.br\/site\/wp-content\/uploads\/2026\/01\/Assembleias-copiar-2-300x169.jpg 300w, https:\/\/tiaraju.ppg.br\/site\/wp-content\/uploads\/2026\/01\/Assembleias-copiar-2-1024x576.jpg 1024w, https:\/\/tiaraju.ppg.br\/site\/wp-content\/uploads\/2026\/01\/Assembleias-copiar-2-768x432.jpg 768w, https:\/\/tiaraju.ppg.br\/site\/wp-content\/uploads\/2026\/01\/Assembleias-copiar-2-1536x864.jpg 1536w, https:\/\/tiaraju.ppg.br\/site\/wp-content\/uploads\/2026\/01\/Assembleias-copiar-2-800x450.jpg 800w\" sizes=\"(max-width: 1920px) 100vw, 1920px\" \/>\t\t\t\t\t\t\t\t\t\t\t\t\t\t\t<\/div>\n\t\t\t\t<\/div>\n\t\t\t\t<div class=\"elementor-element elementor-element-6c2bf618 elementor-widget elementor-widget-text-editor\" data-id=\"6c2bf618\" data-element_type=\"widget\" data-widget_type=\"text-editor.default\">\n\t\t\t\t<div class=\"elementor-widget-container\">\n\t\t\t\t\t\t\t\t\t<p><b data-path-to-node=\"16,0\" data-index-in-node=\"0\">Sincronia H\u00edbrida:<\/b> O desafio de gerenciar duas plateias simult\u00e2neas. Integramos a transmiss\u00e3o ao vivo com o rito presencial, garantindo que a informa\u00e7\u00e3o chegasse sem <i data-path-to-node=\"16,0\" data-index-in-node=\"166\">delay<\/i> para quem estava em casa, mantendo a unidade da assembleia.<\/p>\t\t\t\t\t\t\t\t<\/div>\n\t\t\t\t<\/div>\n\t\t\t\t<div class=\"elementor-element elementor-element-e7a6fea elementor-widget elementor-widget-image\" data-id=\"e7a6fea\" data-element_type=\"widget\" data-widget_type=\"image.default\">\n\t\t\t\t<div class=\"elementor-widget-container\">\n\t\t\t\t\t\t\t\t\t\t\t\t\t\t\t<img loading=\"lazy\" decoding=\"async\" width=\"1920\" height=\"1080\" src=\"https:\/\/tiaraju.ppg.br\/site\/wp-content\/uploads\/2026\/01\/Assembleias-copiar-3.jpg\" class=\"attachment-full size-full wp-image-3167\" alt=\"\" srcset=\"https:\/\/tiaraju.ppg.br\/site\/wp-content\/uploads\/2026\/01\/Assembleias-copiar-3.jpg 1920w, https:\/\/tiaraju.ppg.br\/site\/wp-content\/uploads\/2026\/01\/Assembleias-copiar-3-300x169.jpg 300w, https:\/\/tiaraju.ppg.br\/site\/wp-content\/uploads\/2026\/01\/Assembleias-copiar-3-1024x576.jpg 1024w, https:\/\/tiaraju.ppg.br\/site\/wp-content\/uploads\/2026\/01\/Assembleias-copiar-3-768x432.jpg 768w, https:\/\/tiaraju.ppg.br\/site\/wp-content\/uploads\/2026\/01\/Assembleias-copiar-3-1536x864.jpg 1536w, https:\/\/tiaraju.ppg.br\/site\/wp-content\/uploads\/2026\/01\/Assembleias-copiar-3-800x450.jpg 800w\" sizes=\"(max-width: 1920px) 100vw, 1920px\" \/>\t\t\t\t\t\t\t\t\t\t\t\t\t\t\t<\/div>\n\t\t\t\t<\/div>\n\t\t\t\t<div class=\"elementor-element elementor-element-30703487 elementor-widget elementor-widget-text-editor\" data-id=\"30703487\" data-element_type=\"widget\" data-widget_type=\"text-editor.default\">\n\t\t\t\t<div class=\"elementor-widget-container\">\n\t\t\t\t\t\t\t\t\t<p><b data-path-to-node=\"21,0\" data-index-in-node=\"0\">Transpar\u00eancia e Auditoria:<\/b> Dashboards de vota\u00e7\u00e3o em tempo real. A solu\u00e7\u00e3o garantiu a lisura do processo, com registro instant\u00e2neo dos votos e apresenta\u00e7\u00e3o clara dos resultados para aprova\u00e7\u00e3o das contas.<\/p>\t\t\t\t\t\t\t\t<\/div>\n\t\t\t\t<\/div>\n\t\t\t\t\t<\/div>\n\t\t<\/div>\n\t\t\t\t\t<\/div>\n\t\t<\/section>\n\t\t\t\t<section class=\"elementor-section elementor-top-section elementor-element elementor-element-357efff0 elementor-section-boxed elementor-section-height-default elementor-section-height-default\" data-id=\"357efff0\" data-element_type=\"section\" data-settings=\"{&quot;background_background&quot;:&quot;classic&quot;}\">\n\t\t\t\t\t\t<div class=\"elementor-container elementor-column-gap-default\">\n\t\t\t\t\t<div class=\"elementor-column elementor-col-100 elementor-top-column elementor-element elementor-element-10891dfe\" data-id=\"10891dfe\" data-element_type=\"column\">\n\t\t\t<div class=\"elementor-widget-wrap elementor-element-populated\">\n\t\t\t\t\t\t<div class=\"elementor-element elementor-element-73e7218f elementor-widget elementor-widget-spacer\" data-id=\"73e7218f\" data-element_type=\"widget\" data-widget_type=\"spacer.default\">\n\t\t\t\t<div class=\"elementor-widget-container\">\n\t\t\t\t\t\t\t<div class=\"elementor-spacer\">\n\t\t\t<div class=\"elementor-spacer-inner\"><\/div>\n\t\t<\/div>\n\t\t\t\t\t\t<\/div>\n\t\t\t\t<\/div>\n\t\t\t\t<div class=\"elementor-element elementor-element-775a8d81 elementor-widget-divider--view-line elementor-widget elementor-widget-divider\" data-id=\"775a8d81\" data-element_type=\"widget\" data-widget_type=\"divider.default\">\n\t\t\t\t<div class=\"elementor-widget-container\">\n\t\t\t\t\t\t\t<div class=\"elementor-divider\">\n\t\t\t<span class=\"elementor-divider-separator\">\n\t\t\t\t\t\t<\/span>\n\t\t<\/div>\n\t\t\t\t\t\t<\/div>\n\t\t\t\t<\/div>\n\t\t\t\t<div class=\"elementor-element elementor-element-25e1bdb7 elementor-widget elementor-widget-heading\" data-id=\"25e1bdb7\" data-element_type=\"widget\" data-widget_type=\"heading.default\">\n\t\t\t\t<div class=\"elementor-widget-container\">\n\t\t\t\t\t<h2 class=\"elementor-heading-title elementor-size-default\">Veja outros projetos tamb\u00e9m:<\/h2>\t\t\t\t<\/div>\n\t\t\t\t<\/div>\n\t\t\t\t\t<\/div>\n\t\t<\/div>\n\t\t\t\t\t<\/div>\n\t\t<\/section>\n\t\t\t\t<section class=\"elementor-section elementor-top-section elementor-element elementor-element-4e5c0b45 elementor-section-boxed elementor-section-height-default elementor-section-height-default\" data-id=\"4e5c0b45\" data-element_type=\"section\" data-settings=\"{&quot;background_background&quot;:&quot;classic&quot;}\">\n\t\t\t\t\t\t<div class=\"elementor-container elementor-column-gap-default\">\n\t\t\t\t\t<div class=\"elementor-column elementor-col-50 elementor-top-column elementor-element elementor-element-3d59a09c\" data-id=\"3d59a09c\" data-element_type=\"column\">\n\t\t\t<div class=\"elementor-widget-wrap elementor-element-populated\">\n\t\t\t\t\t\t<div class=\"elementor-element elementor-element-1e8dd39a elementor-widget elementor-widget-image\" data-id=\"1e8dd39a\" data-element_type=\"widget\" data-widget_type=\"image.default\">\n\t\t\t\t<div class=\"elementor-widget-container\">\n\t\t\t\t\t\t\t\t\t\t\t\t<figure class=\"wp-caption\">\n\t\t\t\t\t\t\t\t\t\t\t<a href=\"https:\/\/tiaraju.ppg.br\/site\/gestao-editorial-continua\/\">\n\t\t\t\t\t\t\t<img loading=\"lazy\" decoding=\"async\" width=\"1024\" height=\"576\" src=\"https:\/\/tiaraju.ppg.br\/site\/wp-content\/uploads\/2026\/01\/Revista-5-1024x576.jpg\" class=\"elementor-animation-float attachment-large size-large wp-image-2893\" alt=\"\" srcset=\"https:\/\/tiaraju.ppg.br\/site\/wp-content\/uploads\/2026\/01\/Revista-5-1024x576.jpg 1024w, https:\/\/tiaraju.ppg.br\/site\/wp-content\/uploads\/2026\/01\/Revista-5-300x169.jpg 300w, https:\/\/tiaraju.ppg.br\/site\/wp-content\/uploads\/2026\/01\/Revista-5-768x432.jpg 768w, https:\/\/tiaraju.ppg.br\/site\/wp-content\/uploads\/2026\/01\/Revista-5-1536x864.jpg 1536w, https:\/\/tiaraju.ppg.br\/site\/wp-content\/uploads\/2026\/01\/Revista-5-800x450.jpg 800w, https:\/\/tiaraju.ppg.br\/site\/wp-content\/uploads\/2026\/01\/Revista-5.jpg 1920w\" sizes=\"(max-width: 1024px) 100vw, 1024px\" \/>\t\t\t\t\t\t\t\t<\/a>\n\t\t\t\t\t\t\t\t\t\t\t<figcaption class=\"widget-image-caption wp-caption-text\">Gest\u00e3o Editorial Cont\u00ednua: Revista Comunica\u00e7\u00e3o<\/figcaption>\n\t\t\t\t\t\t\t\t\t\t<\/figure>\n\t\t\t\t\t\t\t\t\t<\/div>\n\t\t\t\t<\/div>\n\t\t\t\t\t<\/div>\n\t\t<\/div>\n\t\t\t\t<div class=\"elementor-column elementor-col-50 elementor-top-column elementor-element elementor-element-11015934\" data-id=\"11015934\" data-element_type=\"column\">\n\t\t\t<div class=\"elementor-widget-wrap elementor-element-populated\">\n\t\t\t\t\t\t<div class=\"elementor-element elementor-element-3b51e53a elementor-widget elementor-widget-image\" data-id=\"3b51e53a\" data-element_type=\"widget\" data-widget_type=\"image.default\">\n\t\t\t\t<div class=\"elementor-widget-container\">\n\t\t\t\t\t\t\t\t\t\t\t\t<figure class=\"wp-caption\">\n\t\t\t\t\t\t\t\t\t\t\t<a href=\"https:\/\/tiaraju.ppg.br\/site\/gestao-de-linha-de-produtos-e-design-de-embalagem\/\">\n\t\t\t\t\t\t\t<img loading=\"lazy\" decoding=\"async\" width=\"1024\" height=\"576\" src=\"https:\/\/tiaraju.ppg.br\/site\/wp-content\/uploads\/2026\/01\/Sucos-1024x576.jpg\" class=\"elementor-animation-float attachment-large size-large wp-image-2892\" alt=\"\" srcset=\"https:\/\/tiaraju.ppg.br\/site\/wp-content\/uploads\/2026\/01\/Sucos-1024x576.jpg 1024w, https:\/\/tiaraju.ppg.br\/site\/wp-content\/uploads\/2026\/01\/Sucos-300x169.jpg 300w, https:\/\/tiaraju.ppg.br\/site\/wp-content\/uploads\/2026\/01\/Sucos-768x432.jpg 768w, https:\/\/tiaraju.ppg.br\/site\/wp-content\/uploads\/2026\/01\/Sucos-1536x864.jpg 1536w, https:\/\/tiaraju.ppg.br\/site\/wp-content\/uploads\/2026\/01\/Sucos-800x450.jpg 800w, https:\/\/tiaraju.ppg.br\/site\/wp-content\/uploads\/2026\/01\/Sucos.jpg 1920w\" sizes=\"(max-width: 1024px) 100vw, 1024px\" \/>\t\t\t\t\t\t\t\t<\/a>\n\t\t\t\t\t\t\t\t\t\t\t<figcaption class=\"widget-image-caption wp-caption-text\">Gest\u00e3o de Linha de Produtos e Design de Embalagem<\/figcaption>\n\t\t\t\t\t\t\t\t\t\t<\/figure>\n\t\t\t\t\t\t\t\t\t<\/div>\n\t\t\t\t<\/div>\n\t\t\t\t\t<\/div>\n\t\t<\/div>\n\t\t\t\t\t<\/div>\n\t\t<\/section>\n\t\t\t\t<section class=\"elementor-section elementor-top-section elementor-element elementor-element-49a58ff1 elementor-section-boxed elementor-section-height-default elementor-section-height-default\" data-id=\"49a58ff1\" data-element_type=\"section\" data-settings=\"{&quot;background_background&quot;:&quot;classic&quot;}\">\n\t\t\t\t\t\t<div class=\"elementor-container elementor-column-gap-default\">\n\t\t\t\t\t<div class=\"elementor-column elementor-col-100 elementor-top-column elementor-element elementor-element-72277da1\" data-id=\"72277da1\" data-element_type=\"column\">\n\t\t\t<div class=\"elementor-widget-wrap elementor-element-populated\">\n\t\t\t\t\t\t<div class=\"elementor-element elementor-element-8171433 elementor-widget elementor-widget-spacer\" data-id=\"8171433\" data-element_type=\"widget\" data-widget_type=\"spacer.default\">\n\t\t\t\t<div class=\"elementor-widget-container\">\n\t\t\t\t\t\t\t<div class=\"elementor-spacer\">\n\t\t\t<div class=\"elementor-spacer-inner\"><\/div>\n\t\t<\/div>\n\t\t\t\t\t\t<\/div>\n\t\t\t\t<\/div>\n\t\t\t\t\t<\/div>\n\t\t<\/div>\n\t\t\t\t\t<\/div>\n\t\t<\/section>\n\t\t\t\t<\/div>\n\t\t","protected":false},"excerpt":{"rendered":"<p>AGO H\u00edbrida Cooperativa Nossa Terra: Governan\u00e7a e Inclus\u00e3o Digital (2021-2026) O Desafio: Garantir a integridade e a participa\u00e7\u00e3o democr\u00e1tica de milhares de associados num ecossistema h\u00edbrido, superando barreiras de conectividade rural e letramento digital. Conex\u00e3o Campo-Audit\u00f3rio: A tecnologia como ponte para a democracia. O sistema permitiu que o associado exercesse seu voto direto da lavoura [&hellip;]<\/p>\n","protected":false},"author":1,"featured_media":0,"parent":0,"menu_order":0,"comment_status":"closed","ping_status":"closed","template":"elementor_header_footer","meta":{"ocean_post_layout":"","ocean_both_sidebars_style":"","ocean_both_sidebars_content_width":0,"ocean_both_sidebars_sidebars_width":0,"ocean_sidebar":"","ocean_second_sidebar":"","ocean_disable_margins":"enable","ocean_add_body_class":"","ocean_shortcode_before_top_bar":"","ocean_shortcode_after_top_bar":"","ocean_shortcode_before_header":"","ocean_shortcode_after_header":"","ocean_has_shortcode":"","ocean_shortcode_after_title":"","ocean_shortcode_before_footer_widgets":"","ocean_shortcode_after_footer_widgets":"","ocean_shortcode_before_footer_bottom":"","ocean_shortcode_after_footer_bottom":"","ocean_display_top_bar":"default","ocean_display_header":"default","ocean_header_style":"","ocean_center_header_left_menu":"","ocean_custom_header_template":"","ocean_custom_logo":0,"ocean_custom_retina_logo":0,"ocean_custom_logo_max_width":0,"ocean_custom_logo_tablet_max_width":0,"ocean_custom_logo_mobile_max_width":0,"ocean_custom_logo_max_height":0,"ocean_custom_logo_tablet_max_height":0,"ocean_custom_logo_mobile_max_height":0,"ocean_header_custom_menu":"","ocean_menu_typo_font_family":"","ocean_menu_typo_font_subset":"","ocean_menu_typo_font_size":0,"ocean_menu_typo_font_size_tablet":0,"ocean_menu_typo_font_size_mobile":0,"ocean_menu_typo_font_size_unit":"px","ocean_menu_typo_font_weight":"","ocean_menu_typo_font_weight_tablet":"","ocean_menu_typo_font_weight_mobile":"","ocean_menu_typo_transform":"","ocean_menu_typo_transform_tablet":"","ocean_menu_typo_transform_mobile":"","ocean_menu_typo_line_height":0,"ocean_menu_typo_line_height_tablet":0,"ocean_menu_typo_line_height_mobile":0,"ocean_menu_typo_line_height_unit":"","ocean_menu_typo_spacing":0,"ocean_menu_typo_spacing_tablet":0,"ocean_menu_typo_spacing_mobile":0,"ocean_menu_typo_spacing_unit":"","ocean_menu_link_color":"","ocean_menu_link_color_hover":"","ocean_menu_link_color_active":"","ocean_menu_link_background":"","ocean_menu_link_hover_background":"","ocean_menu_link_active_background":"","ocean_menu_social_links_bg":"","ocean_menu_social_hover_links_bg":"","ocean_menu_social_links_color":"","ocean_menu_social_hover_links_color":"","ocean_disable_title":"default","ocean_disable_heading":"default","ocean_post_title":"","ocean_post_subheading":"","ocean_post_title_style":"","ocean_post_title_background_color":"","ocean_post_title_background":0,"ocean_post_title_bg_image_position":"","ocean_post_title_bg_image_attachment":"","ocean_post_title_bg_image_repeat":"","ocean_post_title_bg_image_size":"","ocean_post_title_height":0,"ocean_post_title_bg_overlay":0.5,"ocean_post_title_bg_overlay_color":"","ocean_disable_breadcrumbs":"default","ocean_breadcrumbs_color":"","ocean_breadcrumbs_separator_color":"","ocean_breadcrumbs_links_color":"","ocean_breadcrumbs_links_hover_color":"","ocean_display_footer_widgets":"default","ocean_display_footer_bottom":"default","ocean_custom_footer_template":"","footnotes":""},"class_list":["post-3164","page","type-page","status-publish","hentry","entry"],"aioseo_notices":[],"_links":{"self":[{"href":"https:\/\/tiaraju.ppg.br\/site\/wp-json\/wp\/v2\/pages\/3164","targetHints":{"allow":["GET"]}}],"collection":[{"href":"https:\/\/tiaraju.ppg.br\/site\/wp-json\/wp\/v2\/pages"}],"about":[{"href":"https:\/\/tiaraju.ppg.br\/site\/wp-json\/wp\/v2\/types\/page"}],"author":[{"embeddable":true,"href":"https:\/\/tiaraju.ppg.br\/site\/wp-json\/wp\/v2\/users\/1"}],"replies":[{"embeddable":true,"href":"https:\/\/tiaraju.ppg.br\/site\/wp-json\/wp\/v2\/comments?post=3164"}],"version-history":[{"count":5,"href":"https:\/\/tiaraju.ppg.br\/site\/wp-json\/wp\/v2\/pages\/3164\/revisions"}],"predecessor-version":[{"id":3172,"href":"https:\/\/tiaraju.ppg.br\/site\/wp-json\/wp\/v2\/pages\/3164\/revisions\/3172"}],"wp:attachment":[{"href":"https:\/\/tiaraju.ppg.br\/site\/wp-json\/wp\/v2\/media?parent=3164"}],"curies":[{"name":"wp","href":"https:\/\/api.w.org\/{rel}","templated":true}]}}