{"id":2996,"date":"2026-01-06T20:32:20","date_gmt":"2026-01-06T23:32:20","guid":{"rendered":"https:\/\/tiaraju.ppg.br\/site\/?page_id=2996"},"modified":"2026-01-07T00:09:51","modified_gmt":"2026-01-07T03:09:51","slug":"gestao-de-linha-de-produtos-e-design-de-embalagem","status":"publish","type":"page","link":"https:\/\/tiaraju.ppg.br\/site\/gestao-de-linha-de-produtos-e-design-de-embalagem\/","title":{"rendered":"Gest\u00e3o de Linha de Produtos e Design de Embalagem"},"content":{"rendered":"\t\t<div data-elementor-type=\"wp-page\" data-elementor-id=\"2996\" class=\"elementor elementor-2996\">\n\t\t\t\t\t\t<section class=\"elementor-section elementor-top-section elementor-element elementor-element-1f08b9af elementor-section-full_width elementor-section-height-min-height elementor-section-height-default elementor-section-items-middle\" data-id=\"1f08b9af\" data-element_type=\"section\" data-settings=\"{&quot;background_background&quot;:&quot;classic&quot;}\">\n\t\t\t\t\t\t\t<div class=\"elementor-background-overlay\"><\/div>\n\t\t\t\t\t\t\t<div class=\"elementor-container elementor-column-gap-default\">\n\t\t\t\t\t<div class=\"elementor-column elementor-col-100 elementor-top-column elementor-element elementor-element-10c33076\" data-id=\"10c33076\" data-element_type=\"column\">\n\t\t\t<div class=\"elementor-widget-wrap\">\n\t\t\t\t\t\t\t<\/div>\n\t\t<\/div>\n\t\t\t\t\t<\/div>\n\t\t<\/section>\n\t\t\t\t<section class=\"elementor-section elementor-top-section elementor-element elementor-element-2672a74b elementor-section-boxed elementor-section-height-default elementor-section-height-default\" data-id=\"2672a74b\" data-element_type=\"section\" data-settings=\"{&quot;background_background&quot;:&quot;classic&quot;}\">\n\t\t\t\t\t\t<div class=\"elementor-container elementor-column-gap-default\">\n\t\t\t\t\t<div class=\"elementor-column elementor-col-100 elementor-top-column elementor-element elementor-element-94344e2\" data-id=\"94344e2\" data-element_type=\"column\">\n\t\t\t<div class=\"elementor-widget-wrap elementor-element-populated\">\n\t\t\t\t\t\t<div class=\"elementor-element elementor-element-7fc83dd9 elementor-widget elementor-widget-spacer\" data-id=\"7fc83dd9\" data-element_type=\"widget\" data-widget_type=\"spacer.default\">\n\t\t\t\t<div class=\"elementor-widget-container\">\n\t\t\t\t\t\t\t<div class=\"elementor-spacer\">\n\t\t\t<div class=\"elementor-spacer-inner\"><\/div>\n\t\t<\/div>\n\t\t\t\t\t\t<\/div>\n\t\t\t\t<\/div>\n\t\t\t\t<div class=\"elementor-element elementor-element-6f61cf22 elementor-widget elementor-widget-heading\" data-id=\"6f61cf22\" data-element_type=\"widget\" data-widget_type=\"heading.default\">\n\t\t\t\t<div class=\"elementor-widget-container\">\n\t\t\t\t\t<h1 class=\"elementor-heading-title elementor-size-default\">Gest\u00e3o de Linha de Produtos e Design de Embalagem<\/h1>\t\t\t\t<\/div>\n\t\t\t\t<\/div>\n\t\t\t\t<div class=\"elementor-element elementor-element-21a56a81 elementor-widget elementor-widget-text-editor\" data-id=\"21a56a81\" data-element_type=\"widget\" data-widget_type=\"text-editor.default\">\n\t\t\t\t<div class=\"elementor-widget-container\">\n\t\t\t\t\t\t\t\t\t<div><strong><span class=\"bold\">O Desafio de Gest\u00e3o:\u00a0<\/span><\/strong><\/div><div>A Cooperativa Nossa Terra possui um mix extenso de produtos que vai da garrafa PET ao TetraPak. O desafio cont\u00ednuo n\u00e3o \u00e9 apenas criar uma embalagem bonita, mas garantir a unidade visual da marca em diferentes substratos e processos industriais, mantendo o reconhecimento imediato no Ponto de Venda (PDV).<\/div><div>\u00a0<\/div><div><strong><span class=\"bold\">A Atua\u00e7\u00e3o Tiaraju (A Ponte T\u00e9cnica):\u00a0<\/span><\/strong><\/div><div>Atuo como o elo t\u00e9cnico entre o Departamento Comercial da Cooperativa e a Ind\u00fastria. O processo vai muito al\u00e9m do design:<\/div><ol><li>\u00a0<strong>Homologa\u00e7\u00e3o T\u00e9cnica:<\/strong> Recebimento e an\u00e1lise cr\u00edtica dos gabaritos (facas) enviados pelas f\u00e1bricas.<\/li><li><strong>Precis\u00e3o Industrial:<\/strong> Adapta\u00e7\u00e3o da criatividade \u00e0s limita\u00e7\u00f5es de impress\u00e3o (clicheria), garantindo que o arquivo final n\u00e3o tenha erros na linha de produ\u00e7\u00e3o.<\/li><li><strong>Brand Guardianship:<\/strong> Sou o respons\u00e1vel por proteger o Manual da Marca, garantindo que o padr\u00e3o visual estabelecido se mantenha intacto ao longo dos anos, independentemente do fornecedor da embalagem.<\/li><\/ol><div>\u00a0<\/div><div><strong><span class=\"bold\">O Resultado:\u00a0<\/span><\/strong><\/div><div>Uma fam\u00edlia de produtos coerente, onde o consumidor identifica a marca &#8220;Nossa Terra&#8221; instantaneamente, seja no suco de uva integral ou na caixinha de ma\u00e7\u00e3. Al\u00e9m disso, a entrega de Mockups 3D realistas permite que o time comercial antecipe as vendas antes mesmo do produto sair da f\u00e1brica.<\/div>\t\t\t\t\t\t\t\t<\/div>\n\t\t\t\t<\/div>\n\t\t\t\t<div class=\"elementor-element elementor-element-3187b65e elementor-widget elementor-widget-image\" data-id=\"3187b65e\" data-element_type=\"widget\" data-widget_type=\"image.default\">\n\t\t\t\t<div class=\"elementor-widget-container\">\n\t\t\t\t\t\t\t\t\t\t\t\t<figure class=\"wp-caption\">\n\t\t\t\t\t\t\t\t\t\t<img fetchpriority=\"high\" decoding=\"async\" width=\"1920\" height=\"1080\" src=\"https:\/\/tiaraju.ppg.br\/site\/wp-content\/uploads\/2026\/01\/Sucos.jpg\" class=\"attachment-full size-full wp-image-2892\" alt=\"\" srcset=\"https:\/\/tiaraju.ppg.br\/site\/wp-content\/uploads\/2026\/01\/Sucos.jpg 1920w, https:\/\/tiaraju.ppg.br\/site\/wp-content\/uploads\/2026\/01\/Sucos-300x169.jpg 300w, https:\/\/tiaraju.ppg.br\/site\/wp-content\/uploads\/2026\/01\/Sucos-1024x576.jpg 1024w, https:\/\/tiaraju.ppg.br\/site\/wp-content\/uploads\/2026\/01\/Sucos-768x432.jpg 768w, https:\/\/tiaraju.ppg.br\/site\/wp-content\/uploads\/2026\/01\/Sucos-1536x864.jpg 1536w, https:\/\/tiaraju.ppg.br\/site\/wp-content\/uploads\/2026\/01\/Sucos-800x450.jpg 800w\" sizes=\"(max-width: 1920px) 100vw, 1920px\" \/>\t\t\t\t\t\t\t\t\t\t\t<figcaption class=\"widget-image-caption wp-caption-text\"><\/figcaption>\n\t\t\t\t\t\t\t\t\t\t<\/figure>\n\t\t\t\t\t\t\t\t\t<\/div>\n\t\t\t\t<\/div>\n\t\t\t\t<div class=\"elementor-element elementor-element-ca8fccb elementor-widget elementor-widget-text-editor\" data-id=\"ca8fccb\" data-element_type=\"widget\" data-widget_type=\"text-editor.default\">\n\t\t\t\t<div class=\"elementor-widget-container\">\n\t\t\t\t\t\t\t\t\t<p>Consist\u00eancia visual mantida em diferentes formatos e materiais.<\/p>\t\t\t\t\t\t\t\t<\/div>\n\t\t\t\t<\/div>\n\t\t\t\t<div class=\"elementor-element elementor-element-39910a02 elementor-widget elementor-widget-image\" data-id=\"39910a02\" data-element_type=\"widget\" data-widget_type=\"image.default\">\n\t\t\t\t<div class=\"elementor-widget-container\">\n\t\t\t\t\t\t\t\t\t\t\t\t<figure class=\"wp-caption\">\n\t\t\t\t\t\t\t\t\t\t<img decoding=\"async\" width=\"1920\" height=\"1080\" src=\"https:\/\/tiaraju.ppg.br\/site\/wp-content\/uploads\/2026\/01\/mockup-pc.jpg\" class=\"attachment-full size-full wp-image-3000\" alt=\"\" srcset=\"https:\/\/tiaraju.ppg.br\/site\/wp-content\/uploads\/2026\/01\/mockup-pc.jpg 1920w, https:\/\/tiaraju.ppg.br\/site\/wp-content\/uploads\/2026\/01\/mockup-pc-300x169.jpg 300w, https:\/\/tiaraju.ppg.br\/site\/wp-content\/uploads\/2026\/01\/mockup-pc-1024x576.jpg 1024w, https:\/\/tiaraju.ppg.br\/site\/wp-content\/uploads\/2026\/01\/mockup-pc-768x432.jpg 768w, https:\/\/tiaraju.ppg.br\/site\/wp-content\/uploads\/2026\/01\/mockup-pc-1536x864.jpg 1536w, https:\/\/tiaraju.ppg.br\/site\/wp-content\/uploads\/2026\/01\/mockup-pc-800x450.jpg 800w\" sizes=\"(max-width: 1920px) 100vw, 1920px\" \/>\t\t\t\t\t\t\t\t\t\t\t<figcaption class=\"widget-image-caption wp-caption-text\"><\/figcaption>\n\t\t\t\t\t\t\t\t\t\t<\/figure>\n\t\t\t\t\t\t\t\t\t<\/div>\n\t\t\t\t<\/div>\n\t\t\t\t<div class=\"elementor-element elementor-element-a31c7f0 elementor-widget elementor-widget-text-editor\" data-id=\"a31c7f0\" data-element_type=\"widget\" data-widget_type=\"text-editor.default\">\n\t\t\t\t<div class=\"elementor-widget-container\">\n\t\t\t\t\t\t\t\t\t<p>Rigor t\u00e9cnico no fechamento de arquivos para a ind\u00fastria (Clicheria\/Impress\u00e3o).<\/p>\t\t\t\t\t\t\t\t<\/div>\n\t\t\t\t<\/div>\n\t\t\t\t<div class=\"elementor-element elementor-element-5dc445c2 elementor-widget elementor-widget-image\" data-id=\"5dc445c2\" data-element_type=\"widget\" data-widget_type=\"image.default\">\n\t\t\t\t<div class=\"elementor-widget-container\">\n\t\t\t\t\t\t\t\t\t\t\t\t\t\t\t<img decoding=\"async\" width=\"1920\" height=\"1080\" src=\"https:\/\/tiaraju.ppg.br\/site\/wp-content\/uploads\/2026\/01\/Planta-Suco.jpg\" class=\"attachment-full size-full wp-image-3001\" alt=\"\" srcset=\"https:\/\/tiaraju.ppg.br\/site\/wp-content\/uploads\/2026\/01\/Planta-Suco.jpg 1920w, https:\/\/tiaraju.ppg.br\/site\/wp-content\/uploads\/2026\/01\/Planta-Suco-300x169.jpg 300w, https:\/\/tiaraju.ppg.br\/site\/wp-content\/uploads\/2026\/01\/Planta-Suco-1024x576.jpg 1024w, https:\/\/tiaraju.ppg.br\/site\/wp-content\/uploads\/2026\/01\/Planta-Suco-768x432.jpg 768w, https:\/\/tiaraju.ppg.br\/site\/wp-content\/uploads\/2026\/01\/Planta-Suco-1536x864.jpg 1536w, https:\/\/tiaraju.ppg.br\/site\/wp-content\/uploads\/2026\/01\/Planta-Suco-800x450.jpg 800w\" sizes=\"(max-width: 1920px) 100vw, 1920px\" \/>\t\t\t\t\t\t\t\t\t\t\t\t\t\t\t<\/div>\n\t\t\t\t<\/div>\n\t\t\t\t<div class=\"elementor-element elementor-element-7b244ecb elementor-widget elementor-widget-text-editor\" data-id=\"7b244ecb\" data-element_type=\"widget\" data-widget_type=\"text-editor.default\">\n\t\t\t\t<div class=\"elementor-widget-container\">\n\t\t\t\t\t\t\t\t\t<p>O design de embalagem exige duas entregas distintas: a vis\u00e3o comercial e a precis\u00e3o industrial. \u00c0 esquerda, o Mockup 3D utilizado para pr\u00e9-venda e materiais de marketing. \u00c0 direita, o Arquivo T\u00e9cnico (Planta Baixa) finalizado sobre o gabarito oficial da f\u00e1brica. O fechamento do arquivo respeita rigorosamente as \u00e1reas de seguran\u00e7a, dobras e limita\u00e7\u00f5es da clicheria, garantindo que o que foi aprovado na tela seja exatamente o que sair\u00e1 na linha de produ\u00e7\u00e3o, sem surpresas ou preju\u00edzos.<\/p>\t\t\t\t\t\t\t\t<\/div>\n\t\t\t\t<\/div>\n\t\t\t\t<div class=\"elementor-element elementor-element-58e0f4c2 elementor-widget elementor-widget-image\" data-id=\"58e0f4c2\" data-element_type=\"widget\" data-widget_type=\"image.default\">\n\t\t\t\t<div class=\"elementor-widget-container\">\n\t\t\t\t\t\t\t\t\t\t\t\t\t\t\t<img loading=\"lazy\" decoding=\"async\" width=\"1920\" height=\"1080\" src=\"https:\/\/tiaraju.ppg.br\/site\/wp-content\/uploads\/2026\/01\/Planta-Suco-copiar.jpg\" class=\"attachment-full size-full wp-image-3002\" alt=\"\" srcset=\"https:\/\/tiaraju.ppg.br\/site\/wp-content\/uploads\/2026\/01\/Planta-Suco-copiar.jpg 1920w, https:\/\/tiaraju.ppg.br\/site\/wp-content\/uploads\/2026\/01\/Planta-Suco-copiar-300x169.jpg 300w, https:\/\/tiaraju.ppg.br\/site\/wp-content\/uploads\/2026\/01\/Planta-Suco-copiar-1024x576.jpg 1024w, https:\/\/tiaraju.ppg.br\/site\/wp-content\/uploads\/2026\/01\/Planta-Suco-copiar-768x432.jpg 768w, https:\/\/tiaraju.ppg.br\/site\/wp-content\/uploads\/2026\/01\/Planta-Suco-copiar-1536x864.jpg 1536w, https:\/\/tiaraju.ppg.br\/site\/wp-content\/uploads\/2026\/01\/Planta-Suco-copiar-800x450.jpg 800w\" sizes=\"(max-width: 1920px) 100vw, 1920px\" \/>\t\t\t\t\t\t\t\t\t\t\t\t\t\t\t<\/div>\n\t\t\t\t<\/div>\n\t\t\t\t<div class=\"elementor-element elementor-element-3af0b1f8 elementor-widget elementor-widget-text-editor\" data-id=\"3af0b1f8\" data-element_type=\"widget\" data-widget_type=\"text-editor.default\">\n\t\t\t\t<div class=\"elementor-widget-container\">\n\t\t\t\t\t\t\t\t\t<p>O design de embalagem exige duas entregas distintas: a vis\u00e3o comercial e a precis\u00e3o industrial. \u00c0 esquerda, o Mockup 3D utilizado para pr\u00e9-venda e materiais de marketing. \u00c0 direita, o Arquivo T\u00e9cnico (Planta Baixa) finalizado sobre o gabarito oficial da f\u00e1brica. O fechamento do arquivo respeita rigorosamente as \u00e1reas de seguran\u00e7a, dobras e limita\u00e7\u00f5es da clicheria, garantindo que o que foi aprovado na tela seja exatamente o que sair\u00e1 na linha de produ\u00e7\u00e3o, sem surpresas ou preju\u00edzos.<\/p>\t\t\t\t\t\t\t\t<\/div>\n\t\t\t\t<\/div>\n\t\t\t\t<div class=\"elementor-element elementor-element-1605be41 elementor-widget elementor-widget-image\" data-id=\"1605be41\" data-element_type=\"widget\" data-widget_type=\"image.default\">\n\t\t\t\t<div class=\"elementor-widget-container\">\n\t\t\t\t\t\t\t\t\t\t\t\t\t\t\t<img loading=\"lazy\" decoding=\"async\" width=\"1920\" height=\"1080\" src=\"https:\/\/tiaraju.ppg.br\/site\/wp-content\/uploads\/2026\/01\/Planta-Suco-copiar-2.jpg\" class=\"attachment-full size-full wp-image-3003\" alt=\"\" srcset=\"https:\/\/tiaraju.ppg.br\/site\/wp-content\/uploads\/2026\/01\/Planta-Suco-copiar-2.jpg 1920w, https:\/\/tiaraju.ppg.br\/site\/wp-content\/uploads\/2026\/01\/Planta-Suco-copiar-2-300x169.jpg 300w, https:\/\/tiaraju.ppg.br\/site\/wp-content\/uploads\/2026\/01\/Planta-Suco-copiar-2-1024x576.jpg 1024w, https:\/\/tiaraju.ppg.br\/site\/wp-content\/uploads\/2026\/01\/Planta-Suco-copiar-2-768x432.jpg 768w, https:\/\/tiaraju.ppg.br\/site\/wp-content\/uploads\/2026\/01\/Planta-Suco-copiar-2-1536x864.jpg 1536w, https:\/\/tiaraju.ppg.br\/site\/wp-content\/uploads\/2026\/01\/Planta-Suco-copiar-2-800x450.jpg 800w\" sizes=\"(max-width: 1920px) 100vw, 1920px\" \/>\t\t\t\t\t\t\t\t\t\t\t\t\t\t\t<\/div>\n\t\t\t\t<\/div>\n\t\t\t\t\t<\/div>\n\t\t<\/div>\n\t\t\t\t\t<\/div>\n\t\t<\/section>\n\t\t\t\t<section class=\"elementor-section elementor-top-section elementor-element elementor-element-a993a9f elementor-section-boxed elementor-section-height-default elementor-section-height-default\" data-id=\"a993a9f\" data-element_type=\"section\" data-settings=\"{&quot;background_background&quot;:&quot;classic&quot;}\">\n\t\t\t\t\t\t<div class=\"elementor-container elementor-column-gap-default\">\n\t\t\t\t\t<div class=\"elementor-column elementor-col-100 elementor-top-column elementor-element elementor-element-5c8750ee\" data-id=\"5c8750ee\" data-element_type=\"column\">\n\t\t\t<div class=\"elementor-widget-wrap elementor-element-populated\">\n\t\t\t\t\t\t<div class=\"elementor-element elementor-element-68539e2a elementor-widget elementor-widget-spacer\" data-id=\"68539e2a\" data-element_type=\"widget\" data-widget_type=\"spacer.default\">\n\t\t\t\t<div class=\"elementor-widget-container\">\n\t\t\t\t\t\t\t<div class=\"elementor-spacer\">\n\t\t\t<div class=\"elementor-spacer-inner\"><\/div>\n\t\t<\/div>\n\t\t\t\t\t\t<\/div>\n\t\t\t\t<\/div>\n\t\t\t\t<div class=\"elementor-element elementor-element-67bee598 elementor-widget-divider--view-line elementor-widget elementor-widget-divider\" data-id=\"67bee598\" data-element_type=\"widget\" data-widget_type=\"divider.default\">\n\t\t\t\t<div class=\"elementor-widget-container\">\n\t\t\t\t\t\t\t<div class=\"elementor-divider\">\n\t\t\t<span class=\"elementor-divider-separator\">\n\t\t\t\t\t\t<\/span>\n\t\t<\/div>\n\t\t\t\t\t\t<\/div>\n\t\t\t\t<\/div>\n\t\t\t\t<div class=\"elementor-element elementor-element-4939929 elementor-widget elementor-widget-heading\" data-id=\"4939929\" data-element_type=\"widget\" data-widget_type=\"heading.default\">\n\t\t\t\t<div class=\"elementor-widget-container\">\n\t\t\t\t\t<h2 class=\"elementor-heading-title elementor-size-default\">Veja outros projetos tamb\u00e9m:<\/h2>\t\t\t\t<\/div>\n\t\t\t\t<\/div>\n\t\t\t\t\t<\/div>\n\t\t<\/div>\n\t\t\t\t\t<\/div>\n\t\t<\/section>\n\t\t\t\t<section class=\"elementor-section elementor-top-section elementor-element elementor-element-4f55b0c5 elementor-section-boxed elementor-section-height-default elementor-section-height-default\" data-id=\"4f55b0c5\" data-element_type=\"section\" data-settings=\"{&quot;background_background&quot;:&quot;classic&quot;}\">\n\t\t\t\t\t\t<div class=\"elementor-container elementor-column-gap-default\">\n\t\t\t\t\t<div class=\"elementor-column elementor-col-50 elementor-top-column elementor-element elementor-element-5b02cfd2\" data-id=\"5b02cfd2\" data-element_type=\"column\">\n\t\t\t<div class=\"elementor-widget-wrap elementor-element-populated\">\n\t\t\t\t\t\t<div class=\"elementor-element elementor-element-7ac684bb elementor-widget elementor-widget-image\" data-id=\"7ac684bb\" data-element_type=\"widget\" data-widget_type=\"image.default\">\n\t\t\t\t<div class=\"elementor-widget-container\">\n\t\t\t\t\t\t\t\t\t\t\t\t<figure class=\"wp-caption\">\n\t\t\t\t\t\t\t\t\t\t\t<a href=\"https:\/\/tiaraju.ppg.br\/site\/estrategia-de-marca-propria-e-design-de-embalagem\/\">\n\t\t\t\t\t\t\t<img loading=\"lazy\" decoding=\"async\" width=\"1024\" height=\"576\" src=\"https:\/\/tiaraju.ppg.br\/site\/wp-content\/uploads\/2026\/01\/Feijao-1024x576.jpg\" class=\"elementor-animation-float attachment-large size-large wp-image-2920\" alt=\"\" srcset=\"https:\/\/tiaraju.ppg.br\/site\/wp-content\/uploads\/2026\/01\/Feijao-1024x576.jpg 1024w, https:\/\/tiaraju.ppg.br\/site\/wp-content\/uploads\/2026\/01\/Feijao-300x169.jpg 300w, https:\/\/tiaraju.ppg.br\/site\/wp-content\/uploads\/2026\/01\/Feijao-768x432.jpg 768w, https:\/\/tiaraju.ppg.br\/site\/wp-content\/uploads\/2026\/01\/Feijao-1536x864.jpg 1536w, https:\/\/tiaraju.ppg.br\/site\/wp-content\/uploads\/2026\/01\/Feijao-800x450.jpg 800w, https:\/\/tiaraju.ppg.br\/site\/wp-content\/uploads\/2026\/01\/Feijao.jpg 1920w\" sizes=\"(max-width: 1024px) 100vw, 1024px\" \/>\t\t\t\t\t\t\t\t<\/a>\n\t\t\t\t\t\t\t\t\t\t\t<figcaption class=\"widget-image-caption wp-caption-text\">Estrat\u00e9gia de Marca Pr\u00f3pria e Design de Embalagem<\/figcaption>\n\t\t\t\t\t\t\t\t\t\t<\/figure>\n\t\t\t\t\t\t\t\t\t<\/div>\n\t\t\t\t<\/div>\n\t\t\t\t\t<\/div>\n\t\t<\/div>\n\t\t\t\t<div class=\"elementor-column elementor-col-50 elementor-top-column elementor-element elementor-element-6b7d9b74\" data-id=\"6b7d9b74\" data-element_type=\"column\">\n\t\t\t<div class=\"elementor-widget-wrap elementor-element-populated\">\n\t\t\t\t\t\t<div class=\"elementor-element elementor-element-30124802 elementor-widget elementor-widget-image\" data-id=\"30124802\" data-element_type=\"widget\" data-widget_type=\"image.default\">\n\t\t\t\t<div class=\"elementor-widget-container\">\n\t\t\t\t\t\t\t\t\t\t\t\t<figure class=\"wp-caption\">\n\t\t\t\t\t\t\t\t\t\t\t<a href=\"https:\/\/tiaraju.ppg.br\/site\/roteiro-e-narrativa-filme-institucional\/\">\n\t\t\t\t\t\t\t<img loading=\"lazy\" decoding=\"async\" width=\"1024\" height=\"576\" src=\"https:\/\/tiaraju.ppg.br\/site\/wp-content\/uploads\/2026\/01\/Audiovisual-1024x576.jpg\" class=\"elementor-animation-float attachment-large size-large wp-image-2914\" alt=\"\" srcset=\"https:\/\/tiaraju.ppg.br\/site\/wp-content\/uploads\/2026\/01\/Audiovisual-1024x576.jpg 1024w, https:\/\/tiaraju.ppg.br\/site\/wp-content\/uploads\/2026\/01\/Audiovisual-300x169.jpg 300w, https:\/\/tiaraju.ppg.br\/site\/wp-content\/uploads\/2026\/01\/Audiovisual-768x432.jpg 768w, https:\/\/tiaraju.ppg.br\/site\/wp-content\/uploads\/2026\/01\/Audiovisual-1536x864.jpg 1536w, https:\/\/tiaraju.ppg.br\/site\/wp-content\/uploads\/2026\/01\/Audiovisual-800x450.jpg 800w, https:\/\/tiaraju.ppg.br\/site\/wp-content\/uploads\/2026\/01\/Audiovisual.jpg 1920w\" sizes=\"(max-width: 1024px) 100vw, 1024px\" \/>\t\t\t\t\t\t\t\t<\/a>\n\t\t\t\t\t\t\t\t\t\t\t<figcaption class=\"widget-image-caption wp-caption-text\">Roteiro e Narrativa: Filme Institucional<\/figcaption>\n\t\t\t\t\t\t\t\t\t\t<\/figure>\n\t\t\t\t\t\t\t\t\t<\/div>\n\t\t\t\t<\/div>\n\t\t\t\t\t<\/div>\n\t\t<\/div>\n\t\t\t\t\t<\/div>\n\t\t<\/section>\n\t\t\t\t<section class=\"elementor-section elementor-top-section elementor-element elementor-element-2ddcda33 elementor-section-boxed elementor-section-height-default elementor-section-height-default\" data-id=\"2ddcda33\" data-element_type=\"section\" data-settings=\"{&quot;background_background&quot;:&quot;classic&quot;}\">\n\t\t\t\t\t\t<div class=\"elementor-container elementor-column-gap-default\">\n\t\t\t\t\t<div class=\"elementor-column elementor-col-100 elementor-top-column elementor-element elementor-element-4e4eb910\" data-id=\"4e4eb910\" data-element_type=\"column\">\n\t\t\t<div class=\"elementor-widget-wrap elementor-element-populated\">\n\t\t\t\t\t\t<div class=\"elementor-element elementor-element-5fc9ad50 elementor-widget elementor-widget-spacer\" data-id=\"5fc9ad50\" data-element_type=\"widget\" data-widget_type=\"spacer.default\">\n\t\t\t\t<div class=\"elementor-widget-container\">\n\t\t\t\t\t\t\t<div class=\"elementor-spacer\">\n\t\t\t<div class=\"elementor-spacer-inner\"><\/div>\n\t\t<\/div>\n\t\t\t\t\t\t<\/div>\n\t\t\t\t<\/div>\n\t\t\t\t\t<\/div>\n\t\t<\/div>\n\t\t\t\t\t<\/div>\n\t\t<\/section>\n\t\t\t\t<\/div>\n\t\t","protected":false},"excerpt":{"rendered":"<p>Gest\u00e3o de Linha de Produtos e Design de Embalagem O Desafio de Gest\u00e3o:\u00a0A Cooperativa Nossa Terra possui um mix extenso de produtos que vai da garrafa PET ao TetraPak. O desafio cont\u00ednuo n\u00e3o \u00e9 apenas criar uma embalagem bonita, mas garantir a unidade visual da marca em diferentes substratos e processos industriais, mantendo o reconhecimento [&hellip;]<\/p>\n","protected":false},"author":1,"featured_media":0,"parent":0,"menu_order":0,"comment_status":"closed","ping_status":"closed","template":"elementor_header_footer","meta":{"ocean_post_layout":"","ocean_both_sidebars_style":"","ocean_both_sidebars_content_width":0,"ocean_both_sidebars_sidebars_width":0,"ocean_sidebar":"","ocean_second_sidebar":"","ocean_disable_margins":"enable","ocean_add_body_class":"","ocean_shortcode_before_top_bar":"","ocean_shortcode_after_top_bar":"","ocean_shortcode_before_header":"","ocean_shortcode_after_header":"","ocean_has_shortcode":"","ocean_shortcode_after_title":"","ocean_shortcode_before_footer_widgets":"","ocean_shortcode_after_footer_widgets":"","ocean_shortcode_before_footer_bottom":"","ocean_shortcode_after_footer_bottom":"","ocean_display_top_bar":"default","ocean_display_header":"default","ocean_header_style":"","ocean_center_header_left_menu":"","ocean_custom_header_template":"","ocean_custom_logo":0,"ocean_custom_retina_logo":0,"ocean_custom_logo_max_width":0,"ocean_custom_logo_tablet_max_width":0,"ocean_custom_logo_mobile_max_width":0,"ocean_custom_logo_max_height":0,"ocean_custom_logo_tablet_max_height":0,"ocean_custom_logo_mobile_max_height":0,"ocean_header_custom_menu":"","ocean_menu_typo_font_family":"","ocean_menu_typo_font_subset":"","ocean_menu_typo_font_size":0,"ocean_menu_typo_font_size_tablet":0,"ocean_menu_typo_font_size_mobile":0,"ocean_menu_typo_font_size_unit":"px","ocean_menu_typo_font_weight":"","ocean_menu_typo_font_weight_tablet":"","ocean_menu_typo_font_weight_mobile":"","ocean_menu_typo_transform":"","ocean_menu_typo_transform_tablet":"","ocean_menu_typo_transform_mobile":"","ocean_menu_typo_line_height":0,"ocean_menu_typo_line_height_tablet":0,"ocean_menu_typo_line_height_mobile":0,"ocean_menu_typo_line_height_unit":"","ocean_menu_typo_spacing":0,"ocean_menu_typo_spacing_tablet":0,"ocean_menu_typo_spacing_mobile":0,"ocean_menu_typo_spacing_unit":"","ocean_menu_link_color":"","ocean_menu_link_color_hover":"","ocean_menu_link_color_active":"","ocean_menu_link_background":"","ocean_menu_link_hover_background":"","ocean_menu_link_active_background":"","ocean_menu_social_links_bg":"","ocean_menu_social_hover_links_bg":"","ocean_menu_social_links_color":"","ocean_menu_social_hover_links_color":"","ocean_disable_title":"default","ocean_disable_heading":"default","ocean_post_title":"","ocean_post_subheading":"","ocean_post_title_style":"","ocean_post_title_background_color":"","ocean_post_title_background":0,"ocean_post_title_bg_image_position":"","ocean_post_title_bg_image_attachment":"","ocean_post_title_bg_image_repeat":"","ocean_post_title_bg_image_size":"","ocean_post_title_height":0,"ocean_post_title_bg_overlay":0.5,"ocean_post_title_bg_overlay_color":"","ocean_disable_breadcrumbs":"default","ocean_breadcrumbs_color":"","ocean_breadcrumbs_separator_color":"","ocean_breadcrumbs_links_color":"","ocean_breadcrumbs_links_hover_color":"","ocean_display_footer_widgets":"default","ocean_display_footer_bottom":"default","ocean_custom_footer_template":"","footnotes":""},"class_list":["post-2996","page","type-page","status-publish","hentry","entry"],"aioseo_notices":[],"_links":{"self":[{"href":"https:\/\/tiaraju.ppg.br\/site\/wp-json\/wp\/v2\/pages\/2996","targetHints":{"allow":["GET"]}}],"collection":[{"href":"https:\/\/tiaraju.ppg.br\/site\/wp-json\/wp\/v2\/pages"}],"about":[{"href":"https:\/\/tiaraju.ppg.br\/site\/wp-json\/wp\/v2\/types\/page"}],"author":[{"embeddable":true,"href":"https:\/\/tiaraju.ppg.br\/site\/wp-json\/wp\/v2\/users\/1"}],"replies":[{"embeddable":true,"href":"https:\/\/tiaraju.ppg.br\/site\/wp-json\/wp\/v2\/comments?post=2996"}],"version-history":[{"count":21,"href":"https:\/\/tiaraju.ppg.br\/site\/wp-json\/wp\/v2\/pages\/2996\/revisions"}],"predecessor-version":[{"id":3132,"href":"https:\/\/tiaraju.ppg.br\/site\/wp-json\/wp\/v2\/pages\/2996\/revisions\/3132"}],"wp:attachment":[{"href":"https:\/\/tiaraju.ppg.br\/site\/wp-json\/wp\/v2\/media?parent=2996"}],"curies":[{"name":"wp","href":"https:\/\/api.w.org\/{rel}","templated":true}]}}