{"id":2972,"date":"2026-01-06T18:54:39","date_gmt":"2026-01-06T21:54:39","guid":{"rendered":"https:\/\/tiaraju.ppg.br\/site\/?page_id=2972"},"modified":"2026-01-07T00:07:37","modified_gmt":"2026-01-07T03:07:37","slug":"gestao-editorial-continua","status":"publish","type":"page","link":"https:\/\/tiaraju.ppg.br\/site\/gestao-editorial-continua\/","title":{"rendered":"Gest\u00e3o Editorial Cont\u00ednua"},"content":{"rendered":"\t\t<div data-elementor-type=\"wp-page\" data-elementor-id=\"2972\" class=\"elementor elementor-2972\">\n\t\t\t\t\t\t<section class=\"elementor-section elementor-top-section elementor-element elementor-element-4a918810 elementor-section-full_width elementor-section-height-min-height elementor-section-height-default elementor-section-items-middle\" data-id=\"4a918810\" data-element_type=\"section\" data-settings=\"{&quot;background_background&quot;:&quot;classic&quot;}\">\n\t\t\t\t\t\t\t<div class=\"elementor-background-overlay\"><\/div>\n\t\t\t\t\t\t\t<div class=\"elementor-container elementor-column-gap-default\">\n\t\t\t\t\t<div class=\"elementor-column elementor-col-100 elementor-top-column elementor-element elementor-element-640793af\" data-id=\"640793af\" data-element_type=\"column\">\n\t\t\t<div class=\"elementor-widget-wrap\">\n\t\t\t\t\t\t\t<\/div>\n\t\t<\/div>\n\t\t\t\t\t<\/div>\n\t\t<\/section>\n\t\t\t\t<section class=\"elementor-section elementor-top-section elementor-element elementor-element-501683ca elementor-section-boxed elementor-section-height-default elementor-section-height-default\" data-id=\"501683ca\" data-element_type=\"section\" data-settings=\"{&quot;background_background&quot;:&quot;classic&quot;}\">\n\t\t\t\t\t\t<div class=\"elementor-container elementor-column-gap-default\">\n\t\t\t\t\t<div class=\"elementor-column elementor-col-100 elementor-top-column elementor-element elementor-element-20fcc79b\" data-id=\"20fcc79b\" data-element_type=\"column\">\n\t\t\t<div class=\"elementor-widget-wrap elementor-element-populated\">\n\t\t\t\t\t\t<div class=\"elementor-element elementor-element-31933b6c elementor-widget elementor-widget-spacer\" data-id=\"31933b6c\" data-element_type=\"widget\" data-widget_type=\"spacer.default\">\n\t\t\t\t<div class=\"elementor-widget-container\">\n\t\t\t\t\t\t\t<div class=\"elementor-spacer\">\n\t\t\t<div class=\"elementor-spacer-inner\"><\/div>\n\t\t<\/div>\n\t\t\t\t\t\t<\/div>\n\t\t\t\t<\/div>\n\t\t\t\t<div class=\"elementor-element elementor-element-614877d elementor-widget elementor-widget-heading\" data-id=\"614877d\" data-element_type=\"widget\" data-widget_type=\"heading.default\">\n\t\t\t\t<div class=\"elementor-widget-container\">\n\t\t\t\t\t<h1 class=\"elementor-heading-title elementor-size-default\">Gest\u00e3o Editorial Cont\u00ednua: Revista Comunica\u00e7\u00e3o<\/h1>\t\t\t\t<\/div>\n\t\t\t\t<\/div>\n\t\t\t\t<div class=\"elementor-element elementor-element-102b7b0d elementor-widget elementor-widget-text-editor\" data-id=\"102b7b0d\" data-element_type=\"widget\" data-widget_type=\"text-editor.default\">\n\t\t\t\t<div class=\"elementor-widget-container\">\n\t\t\t\t\t\t\t\t\t<div><strong><span class=\"bold\">O Desafio:<\/span>\u00a0<\/strong><\/div><div>Manter a relev\u00e2ncia visual e a consist\u00eancia de uma publica\u00e7\u00e3o mensal ao longo de anos. O perigo em revistas corporativas \u00e9 a &#8220;perda de identidade&#8221; com o tempo ou a desorganiza\u00e7\u00e3o dos arquivos.<\/div><div>\u00a0<\/div><div><strong><span class=\"bold\">A Solu\u00e7\u00e3o (Design System):<\/span>\u00a0<\/strong><\/div><div>Mais do que diagramar p\u00e1ginas soltas, desenvolvi um Sistema Editorial Vivo.<\/div><ul><li><strong><span class=\"bold\">Padroniza\u00e7\u00e3o T\u00e9cnica: <\/span><\/strong>Uso rigoroso de Estilos de Par\u00e1grafo e Objeto no Adobe InDesign, garantindo que a tipografia e as cores sigam o padr\u00e3o da marca em 100% das p\u00e1ginas.<\/li><li><span class=\"bold\"><strong>Agilidade de Fluxo:<\/strong> <\/span>O projeto gr\u00e1fico foi pensado para otimizar o tempo de fechamento, permitindo diagramar grandes volumes de texto com rapidez sem sacrificar a est\u00e9tica.<\/li><\/ul>\t\t\t\t\t\t\t\t<\/div>\n\t\t\t\t<\/div>\n\t\t\t\t<div class=\"elementor-element elementor-element-4104d834 elementor-widget elementor-widget-image\" data-id=\"4104d834\" data-element_type=\"widget\" data-widget_type=\"image.default\">\n\t\t\t\t<div class=\"elementor-widget-container\">\n\t\t\t\t\t\t\t\t\t\t\t\t<figure class=\"wp-caption\">\n\t\t\t\t\t\t\t\t\t\t<img fetchpriority=\"high\" decoding=\"async\" width=\"1920\" height=\"1080\" src=\"https:\/\/tiaraju.ppg.br\/site\/wp-content\/uploads\/2026\/01\/Revista-2.jpg\" class=\"attachment-full size-full wp-image-2983\" alt=\"\" srcset=\"https:\/\/tiaraju.ppg.br\/site\/wp-content\/uploads\/2026\/01\/Revista-2.jpg 1920w, https:\/\/tiaraju.ppg.br\/site\/wp-content\/uploads\/2026\/01\/Revista-2-300x169.jpg 300w, https:\/\/tiaraju.ppg.br\/site\/wp-content\/uploads\/2026\/01\/Revista-2-1024x576.jpg 1024w, https:\/\/tiaraju.ppg.br\/site\/wp-content\/uploads\/2026\/01\/Revista-2-768x432.jpg 768w, https:\/\/tiaraju.ppg.br\/site\/wp-content\/uploads\/2026\/01\/Revista-2-1536x864.jpg 1536w, https:\/\/tiaraju.ppg.br\/site\/wp-content\/uploads\/2026\/01\/Revista-2-800x450.jpg 800w\" sizes=\"(max-width: 1920px) 100vw, 1920px\" \/>\t\t\t\t\t\t\t\t\t\t\t<figcaption class=\"widget-image-caption wp-caption-text\"><\/figcaption>\n\t\t\t\t\t\t\t\t\t\t<\/figure>\n\t\t\t\t\t\t\t\t\t<\/div>\n\t\t\t\t<\/div>\n\t\t\t\t<div class=\"elementor-element elementor-element-325f5255 elementor-widget elementor-widget-text-editor\" data-id=\"325f5255\" data-element_type=\"widget\" data-widget_type=\"text-editor.default\">\n\t\t\t\t<div class=\"elementor-widget-container\">\n\t\t\t\t\t\t\t\t\t<p><strong>Grid Modular:<\/strong> A estrutura invis\u00edvel que garante a hierarquia da informa\u00e7\u00e3o e agilidade na diagrama\u00e7\u00e3o mensal.<\/p>\t\t\t\t\t\t\t\t<\/div>\n\t\t\t\t<\/div>\n\t\t\t\t<div class=\"elementor-element elementor-element-1e58759e elementor-widget elementor-widget-image\" data-id=\"1e58759e\" data-element_type=\"widget\" data-widget_type=\"image.default\">\n\t\t\t\t<div class=\"elementor-widget-container\">\n\t\t\t\t\t\t\t\t\t\t\t\t<figure class=\"wp-caption\">\n\t\t\t\t\t\t\t\t\t\t<img decoding=\"async\" width=\"1920\" height=\"1080\" src=\"https:\/\/tiaraju.ppg.br\/site\/wp-content\/uploads\/2026\/01\/Revista-1.jpg\" class=\"attachment-full size-full wp-image-2984\" alt=\"\" srcset=\"https:\/\/tiaraju.ppg.br\/site\/wp-content\/uploads\/2026\/01\/Revista-1.jpg 1920w, https:\/\/tiaraju.ppg.br\/site\/wp-content\/uploads\/2026\/01\/Revista-1-300x169.jpg 300w, https:\/\/tiaraju.ppg.br\/site\/wp-content\/uploads\/2026\/01\/Revista-1-1024x576.jpg 1024w, https:\/\/tiaraju.ppg.br\/site\/wp-content\/uploads\/2026\/01\/Revista-1-768x432.jpg 768w, https:\/\/tiaraju.ppg.br\/site\/wp-content\/uploads\/2026\/01\/Revista-1-1536x864.jpg 1536w, https:\/\/tiaraju.ppg.br\/site\/wp-content\/uploads\/2026\/01\/Revista-1-800x450.jpg 800w\" sizes=\"(max-width: 1920px) 100vw, 1920px\" \/>\t\t\t\t\t\t\t\t\t\t\t<figcaption class=\"widget-image-caption wp-caption-text\"><\/figcaption>\n\t\t\t\t\t\t\t\t\t\t<\/figure>\n\t\t\t\t\t\t\t\t\t<\/div>\n\t\t\t\t<\/div>\n\t\t\t\t<div class=\"elementor-element elementor-element-43bdad2e elementor-widget elementor-widget-text-editor\" data-id=\"43bdad2e\" data-element_type=\"widget\" data-widget_type=\"text-editor.default\">\n\t\t\t\t<div class=\"elementor-widget-container\">\n\t\t\t\t\t\t\t\t\t<p><strong>Automa\u00e7\u00e3o e Consist\u00eancia:<\/strong> Sistema de estilos tipogr\u00e1ficos que padroniza todas as edi\u00e7\u00f5es, permitindo que o foco esteja no conte\u00fado.<\/p>\t\t\t\t\t\t\t\t<\/div>\n\t\t\t\t<\/div>\n\t\t\t\t<div class=\"elementor-element elementor-element-5d881c10 elementor-widget elementor-widget-image\" data-id=\"5d881c10\" data-element_type=\"widget\" data-widget_type=\"image.default\">\n\t\t\t\t<div class=\"elementor-widget-container\">\n\t\t\t\t\t\t\t\t\t\t\t\t\t\t\t<img decoding=\"async\" width=\"1920\" height=\"1080\" src=\"https:\/\/tiaraju.ppg.br\/site\/wp-content\/uploads\/2026\/01\/Revista-3.jpg\" class=\"attachment-full size-full wp-image-2985\" alt=\"\" srcset=\"https:\/\/tiaraju.ppg.br\/site\/wp-content\/uploads\/2026\/01\/Revista-3.jpg 1920w, https:\/\/tiaraju.ppg.br\/site\/wp-content\/uploads\/2026\/01\/Revista-3-300x169.jpg 300w, https:\/\/tiaraju.ppg.br\/site\/wp-content\/uploads\/2026\/01\/Revista-3-1024x576.jpg 1024w, https:\/\/tiaraju.ppg.br\/site\/wp-content\/uploads\/2026\/01\/Revista-3-768x432.jpg 768w, https:\/\/tiaraju.ppg.br\/site\/wp-content\/uploads\/2026\/01\/Revista-3-1536x864.jpg 1536w, https:\/\/tiaraju.ppg.br\/site\/wp-content\/uploads\/2026\/01\/Revista-3-800x450.jpg 800w\" sizes=\"(max-width: 1920px) 100vw, 1920px\" \/>\t\t\t\t\t\t\t\t\t\t\t\t\t\t\t<\/div>\n\t\t\t\t<\/div>\n\t\t\t\t<div class=\"elementor-element elementor-element-7a9730dc elementor-widget elementor-widget-text-editor\" data-id=\"7a9730dc\" data-element_type=\"widget\" data-widget_type=\"text-editor.default\">\n\t\t\t\t<div class=\"elementor-widget-container\">\n\t\t\t\t\t\t\t\t\t<p>Um bom projeto editorial n\u00e3o engessa, ele orienta. O sistema visual desenvolvido permite varia\u00e7\u00f5es crom\u00e1ticas e tem\u00e1ticas infinitas para se adaptar \u00e0 pauta do m\u00eas (seja uma edi\u00e7\u00e3o de Natal ou institucional), sem jamais perder o DNA visual da revista. A marca \u00e9 reconhecida na banca antes mesmo da leitura da manchete.<\/p>\t\t\t\t\t\t\t\t<\/div>\n\t\t\t\t<\/div>\n\t\t\t\t<div class=\"elementor-element elementor-element-18f512aa elementor-widget elementor-widget-image\" data-id=\"18f512aa\" data-element_type=\"widget\" data-widget_type=\"image.default\">\n\t\t\t\t<div class=\"elementor-widget-container\">\n\t\t\t\t\t\t\t\t\t\t\t\t\t\t\t<img loading=\"lazy\" decoding=\"async\" width=\"1920\" height=\"1080\" src=\"https:\/\/tiaraju.ppg.br\/site\/wp-content\/uploads\/2026\/01\/Revista-4.jpg\" class=\"attachment-full size-full wp-image-2986\" alt=\"\" srcset=\"https:\/\/tiaraju.ppg.br\/site\/wp-content\/uploads\/2026\/01\/Revista-4.jpg 1920w, https:\/\/tiaraju.ppg.br\/site\/wp-content\/uploads\/2026\/01\/Revista-4-300x169.jpg 300w, https:\/\/tiaraju.ppg.br\/site\/wp-content\/uploads\/2026\/01\/Revista-4-1024x576.jpg 1024w, https:\/\/tiaraju.ppg.br\/site\/wp-content\/uploads\/2026\/01\/Revista-4-768x432.jpg 768w, https:\/\/tiaraju.ppg.br\/site\/wp-content\/uploads\/2026\/01\/Revista-4-1536x864.jpg 1536w, https:\/\/tiaraju.ppg.br\/site\/wp-content\/uploads\/2026\/01\/Revista-4-800x450.jpg 800w\" sizes=\"(max-width: 1920px) 100vw, 1920px\" \/>\t\t\t\t\t\t\t\t\t\t\t\t\t\t\t<\/div>\n\t\t\t\t<\/div>\n\t\t\t\t<div class=\"elementor-element elementor-element-6049856a elementor-widget elementor-widget-text-editor\" data-id=\"6049856a\" data-element_type=\"widget\" data-widget_type=\"text-editor.default\">\n\t\t\t\t<div class=\"elementor-widget-container\">\n\t\t\t\t\t\t\t\t\t<p>A maior prova de sucesso de um projeto editorial \u00e9 a sua longevidade. Esta grade representa anos de publica\u00e7\u00f5es mensais entregues rigorosamente no prazo. A metodologia de fluxo de trabalho da Tiaraju garante que a qualidade da edi\u00e7\u00e3o n\u00ba 100 seja t\u00e3o impec\u00e1vel quanto a da edi\u00e7\u00e3o n\u00ba 01, gerando seguran\u00e7a total para o editor e o anunciante.<\/p>\t\t\t\t\t\t\t\t<\/div>\n\t\t\t\t<\/div>\n\t\t\t\t<div class=\"elementor-element elementor-element-bb321bd elementor-widget elementor-widget-image\" data-id=\"bb321bd\" data-element_type=\"widget\" data-widget_type=\"image.default\">\n\t\t\t\t<div class=\"elementor-widget-container\">\n\t\t\t\t\t\t\t\t\t\t\t\t\t\t\t<img loading=\"lazy\" decoding=\"async\" width=\"1920\" height=\"1080\" src=\"https:\/\/tiaraju.ppg.br\/site\/wp-content\/uploads\/2026\/01\/Revista-5.jpg\" class=\"attachment-full size-full wp-image-2893\" alt=\"\" srcset=\"https:\/\/tiaraju.ppg.br\/site\/wp-content\/uploads\/2026\/01\/Revista-5.jpg 1920w, https:\/\/tiaraju.ppg.br\/site\/wp-content\/uploads\/2026\/01\/Revista-5-300x169.jpg 300w, https:\/\/tiaraju.ppg.br\/site\/wp-content\/uploads\/2026\/01\/Revista-5-1024x576.jpg 1024w, https:\/\/tiaraju.ppg.br\/site\/wp-content\/uploads\/2026\/01\/Revista-5-768x432.jpg 768w, https:\/\/tiaraju.ppg.br\/site\/wp-content\/uploads\/2026\/01\/Revista-5-1536x864.jpg 1536w, https:\/\/tiaraju.ppg.br\/site\/wp-content\/uploads\/2026\/01\/Revista-5-800x450.jpg 800w\" sizes=\"(max-width: 1920px) 100vw, 1920px\" \/>\t\t\t\t\t\t\t\t\t\t\t\t\t\t\t<\/div>\n\t\t\t\t<\/div>\n\t\t\t\t\t<\/div>\n\t\t<\/div>\n\t\t\t\t\t<\/div>\n\t\t<\/section>\n\t\t\t\t<section class=\"elementor-section elementor-top-section elementor-element elementor-element-45f3d51d elementor-section-boxed elementor-section-height-default elementor-section-height-default\" data-id=\"45f3d51d\" data-element_type=\"section\" data-settings=\"{&quot;background_background&quot;:&quot;classic&quot;}\">\n\t\t\t\t\t\t<div class=\"elementor-container elementor-column-gap-default\">\n\t\t\t\t\t<div class=\"elementor-column elementor-col-100 elementor-top-column elementor-element elementor-element-1105554\" data-id=\"1105554\" data-element_type=\"column\">\n\t\t\t<div class=\"elementor-widget-wrap elementor-element-populated\">\n\t\t\t\t\t\t<div class=\"elementor-element elementor-element-2b7a72e0 elementor-widget elementor-widget-spacer\" data-id=\"2b7a72e0\" data-element_type=\"widget\" data-widget_type=\"spacer.default\">\n\t\t\t\t<div class=\"elementor-widget-container\">\n\t\t\t\t\t\t\t<div class=\"elementor-spacer\">\n\t\t\t<div class=\"elementor-spacer-inner\"><\/div>\n\t\t<\/div>\n\t\t\t\t\t\t<\/div>\n\t\t\t\t<\/div>\n\t\t\t\t<div class=\"elementor-element elementor-element-7f513552 elementor-widget-divider--view-line elementor-widget elementor-widget-divider\" data-id=\"7f513552\" data-element_type=\"widget\" data-widget_type=\"divider.default\">\n\t\t\t\t<div class=\"elementor-widget-container\">\n\t\t\t\t\t\t\t<div class=\"elementor-divider\">\n\t\t\t<span class=\"elementor-divider-separator\">\n\t\t\t\t\t\t<\/span>\n\t\t<\/div>\n\t\t\t\t\t\t<\/div>\n\t\t\t\t<\/div>\n\t\t\t\t<div class=\"elementor-element elementor-element-50c9240 elementor-widget elementor-widget-heading\" data-id=\"50c9240\" data-element_type=\"widget\" data-widget_type=\"heading.default\">\n\t\t\t\t<div class=\"elementor-widget-container\">\n\t\t\t\t\t<h2 class=\"elementor-heading-title elementor-size-default\">Veja outros projetos tamb\u00e9m:<\/h2>\t\t\t\t<\/div>\n\t\t\t\t<\/div>\n\t\t\t\t\t<\/div>\n\t\t<\/div>\n\t\t\t\t\t<\/div>\n\t\t<\/section>\n\t\t\t\t<section class=\"elementor-section elementor-top-section elementor-element elementor-element-257855f5 elementor-section-boxed elementor-section-height-default elementor-section-height-default\" data-id=\"257855f5\" data-element_type=\"section\" data-settings=\"{&quot;background_background&quot;:&quot;classic&quot;}\">\n\t\t\t\t\t\t<div class=\"elementor-container elementor-column-gap-default\">\n\t\t\t\t\t<div class=\"elementor-column elementor-col-50 elementor-top-column elementor-element elementor-element-15ab9262\" data-id=\"15ab9262\" data-element_type=\"column\">\n\t\t\t<div class=\"elementor-widget-wrap elementor-element-populated\">\n\t\t\t\t\t\t<div class=\"elementor-element elementor-element-70342dde elementor-widget elementor-widget-image\" data-id=\"70342dde\" data-element_type=\"widget\" data-widget_type=\"image.default\">\n\t\t\t\t<div class=\"elementor-widget-container\">\n\t\t\t\t\t\t\t\t\t\t\t\t<figure class=\"wp-caption\">\n\t\t\t\t\t\t\t\t\t\t\t<a href=\"https:\/\/tiaraju.ppg.br\/site\/gestao-de-linha-de-produtos-e-design-de-embalagem\/\">\n\t\t\t\t\t\t\t<img loading=\"lazy\" decoding=\"async\" width=\"1024\" height=\"576\" src=\"https:\/\/tiaraju.ppg.br\/site\/wp-content\/uploads\/2026\/01\/Sucos-1024x576.jpg\" class=\"elementor-animation-float attachment-large size-large wp-image-2892\" alt=\"\" srcset=\"https:\/\/tiaraju.ppg.br\/site\/wp-content\/uploads\/2026\/01\/Sucos-1024x576.jpg 1024w, https:\/\/tiaraju.ppg.br\/site\/wp-content\/uploads\/2026\/01\/Sucos-300x169.jpg 300w, https:\/\/tiaraju.ppg.br\/site\/wp-content\/uploads\/2026\/01\/Sucos-768x432.jpg 768w, https:\/\/tiaraju.ppg.br\/site\/wp-content\/uploads\/2026\/01\/Sucos-1536x864.jpg 1536w, https:\/\/tiaraju.ppg.br\/site\/wp-content\/uploads\/2026\/01\/Sucos-800x450.jpg 800w, https:\/\/tiaraju.ppg.br\/site\/wp-content\/uploads\/2026\/01\/Sucos.jpg 1920w\" sizes=\"(max-width: 1024px) 100vw, 1024px\" \/>\t\t\t\t\t\t\t\t<\/a>\n\t\t\t\t\t\t\t\t\t\t\t<figcaption class=\"widget-image-caption wp-caption-text\">Gest\u00e3o de Linha de Produtos e Design de Embalagem<\/figcaption>\n\t\t\t\t\t\t\t\t\t\t<\/figure>\n\t\t\t\t\t\t\t\t\t<\/div>\n\t\t\t\t<\/div>\n\t\t\t\t\t<\/div>\n\t\t<\/div>\n\t\t\t\t<div class=\"elementor-column elementor-col-50 elementor-top-column elementor-element elementor-element-9192550\" data-id=\"9192550\" data-element_type=\"column\">\n\t\t\t<div class=\"elementor-widget-wrap elementor-element-populated\">\n\t\t\t\t\t\t<div class=\"elementor-element elementor-element-5ac98a1d elementor-widget elementor-widget-image\" data-id=\"5ac98a1d\" data-element_type=\"widget\" data-widget_type=\"image.default\">\n\t\t\t\t<div class=\"elementor-widget-container\">\n\t\t\t\t\t\t\t\t\t\t\t\t<figure class=\"wp-caption\">\n\t\t\t\t\t\t\t\t\t\t\t<a href=\"https:\/\/tiaraju.ppg.br\/site\/estrategia-de-marca-propria-e-design-de-embalagem\/\">\n\t\t\t\t\t\t\t<img loading=\"lazy\" decoding=\"async\" width=\"1024\" height=\"576\" src=\"https:\/\/tiaraju.ppg.br\/site\/wp-content\/uploads\/2026\/01\/Feijao-1024x576.jpg\" class=\"elementor-animation-float attachment-large size-large wp-image-2920\" alt=\"\" srcset=\"https:\/\/tiaraju.ppg.br\/site\/wp-content\/uploads\/2026\/01\/Feijao-1024x576.jpg 1024w, https:\/\/tiaraju.ppg.br\/site\/wp-content\/uploads\/2026\/01\/Feijao-300x169.jpg 300w, https:\/\/tiaraju.ppg.br\/site\/wp-content\/uploads\/2026\/01\/Feijao-768x432.jpg 768w, https:\/\/tiaraju.ppg.br\/site\/wp-content\/uploads\/2026\/01\/Feijao-1536x864.jpg 1536w, https:\/\/tiaraju.ppg.br\/site\/wp-content\/uploads\/2026\/01\/Feijao-800x450.jpg 800w, https:\/\/tiaraju.ppg.br\/site\/wp-content\/uploads\/2026\/01\/Feijao.jpg 1920w\" sizes=\"(max-width: 1024px) 100vw, 1024px\" \/>\t\t\t\t\t\t\t\t<\/a>\n\t\t\t\t\t\t\t\t\t\t\t<figcaption class=\"widget-image-caption wp-caption-text\">Estrat\u00e9gia de Marca Pr\u00f3pria e Design de Embalagem<\/figcaption>\n\t\t\t\t\t\t\t\t\t\t<\/figure>\n\t\t\t\t\t\t\t\t\t<\/div>\n\t\t\t\t<\/div>\n\t\t\t\t\t<\/div>\n\t\t<\/div>\n\t\t\t\t\t<\/div>\n\t\t<\/section>\n\t\t\t\t<section class=\"elementor-section elementor-top-section elementor-element elementor-element-25bf6e8b elementor-section-boxed elementor-section-height-default elementor-section-height-default\" data-id=\"25bf6e8b\" data-element_type=\"section\" data-settings=\"{&quot;background_background&quot;:&quot;classic&quot;}\">\n\t\t\t\t\t\t<div class=\"elementor-container elementor-column-gap-default\">\n\t\t\t\t\t<div class=\"elementor-column elementor-col-100 elementor-top-column elementor-element elementor-element-23befd23\" data-id=\"23befd23\" data-element_type=\"column\">\n\t\t\t<div class=\"elementor-widget-wrap elementor-element-populated\">\n\t\t\t\t\t\t<div class=\"elementor-element elementor-element-b1f064c elementor-widget elementor-widget-spacer\" data-id=\"b1f064c\" data-element_type=\"widget\" data-widget_type=\"spacer.default\">\n\t\t\t\t<div class=\"elementor-widget-container\">\n\t\t\t\t\t\t\t<div class=\"elementor-spacer\">\n\t\t\t<div class=\"elementor-spacer-inner\"><\/div>\n\t\t<\/div>\n\t\t\t\t\t\t<\/div>\n\t\t\t\t<\/div>\n\t\t\t\t\t<\/div>\n\t\t<\/div>\n\t\t\t\t\t<\/div>\n\t\t<\/section>\n\t\t\t\t<\/div>\n\t\t","protected":false},"excerpt":{"rendered":"<p>Gest\u00e3o Editorial Cont\u00ednua: Revista Comunica\u00e7\u00e3o O Desafio:\u00a0Manter a relev\u00e2ncia visual e a consist\u00eancia de uma publica\u00e7\u00e3o mensal ao longo de anos. O perigo em revistas corporativas \u00e9 a &#8220;perda de identidade&#8221; com o tempo ou a desorganiza\u00e7\u00e3o dos arquivos.\u00a0A Solu\u00e7\u00e3o (Design System):\u00a0Mais do que diagramar p\u00e1ginas soltas, desenvolvi um Sistema Editorial Vivo. Padroniza\u00e7\u00e3o T\u00e9cnica: Uso [&hellip;]<\/p>\n","protected":false},"author":1,"featured_media":0,"parent":0,"menu_order":0,"comment_status":"closed","ping_status":"closed","template":"elementor_header_footer","meta":{"ocean_post_layout":"","ocean_both_sidebars_style":"","ocean_both_sidebars_content_width":0,"ocean_both_sidebars_sidebars_width":0,"ocean_sidebar":"","ocean_second_sidebar":"","ocean_disable_margins":"enable","ocean_add_body_class":"","ocean_shortcode_before_top_bar":"","ocean_shortcode_after_top_bar":"","ocean_shortcode_before_header":"","ocean_shortcode_after_header":"","ocean_has_shortcode":"","ocean_shortcode_after_title":"","ocean_shortcode_before_footer_widgets":"","ocean_shortcode_after_footer_widgets":"","ocean_shortcode_before_footer_bottom":"","ocean_shortcode_after_footer_bottom":"","ocean_display_top_bar":"default","ocean_display_header":"default","ocean_header_style":"","ocean_center_header_left_menu":"","ocean_custom_header_template":"","ocean_custom_logo":0,"ocean_custom_retina_logo":0,"ocean_custom_logo_max_width":0,"ocean_custom_logo_tablet_max_width":0,"ocean_custom_logo_mobile_max_width":0,"ocean_custom_logo_max_height":0,"ocean_custom_logo_tablet_max_height":0,"ocean_custom_logo_mobile_max_height":0,"ocean_header_custom_menu":"","ocean_menu_typo_font_family":"","ocean_menu_typo_font_subset":"","ocean_menu_typo_font_size":0,"ocean_menu_typo_font_size_tablet":0,"ocean_menu_typo_font_size_mobile":0,"ocean_menu_typo_font_size_unit":"px","ocean_menu_typo_font_weight":"","ocean_menu_typo_font_weight_tablet":"","ocean_menu_typo_font_weight_mobile":"","ocean_menu_typo_transform":"","ocean_menu_typo_transform_tablet":"","ocean_menu_typo_transform_mobile":"","ocean_menu_typo_line_height":0,"ocean_menu_typo_line_height_tablet":0,"ocean_menu_typo_line_height_mobile":0,"ocean_menu_typo_line_height_unit":"","ocean_menu_typo_spacing":0,"ocean_menu_typo_spacing_tablet":0,"ocean_menu_typo_spacing_mobile":0,"ocean_menu_typo_spacing_unit":"","ocean_menu_link_color":"","ocean_menu_link_color_hover":"","ocean_menu_link_color_active":"","ocean_menu_link_background":"","ocean_menu_link_hover_background":"","ocean_menu_link_active_background":"","ocean_menu_social_links_bg":"","ocean_menu_social_hover_links_bg":"","ocean_menu_social_links_color":"","ocean_menu_social_hover_links_color":"","ocean_disable_title":"default","ocean_disable_heading":"default","ocean_post_title":"","ocean_post_subheading":"","ocean_post_title_style":"","ocean_post_title_background_color":"","ocean_post_title_background":0,"ocean_post_title_bg_image_position":"","ocean_post_title_bg_image_attachment":"","ocean_post_title_bg_image_repeat":"","ocean_post_title_bg_image_size":"","ocean_post_title_height":0,"ocean_post_title_bg_overlay":0.5,"ocean_post_title_bg_overlay_color":"","ocean_disable_breadcrumbs":"default","ocean_breadcrumbs_color":"","ocean_breadcrumbs_separator_color":"","ocean_breadcrumbs_links_color":"","ocean_breadcrumbs_links_hover_color":"","ocean_display_footer_widgets":"default","ocean_display_footer_bottom":"default","ocean_custom_footer_template":"","footnotes":""},"class_list":["post-2972","page","type-page","status-publish","hentry","entry"],"aioseo_notices":[],"_links":{"self":[{"href":"https:\/\/tiaraju.ppg.br\/site\/wp-json\/wp\/v2\/pages\/2972","targetHints":{"allow":["GET"]}}],"collection":[{"href":"https:\/\/tiaraju.ppg.br\/site\/wp-json\/wp\/v2\/pages"}],"about":[{"href":"https:\/\/tiaraju.ppg.br\/site\/wp-json\/wp\/v2\/types\/page"}],"author":[{"embeddable":true,"href":"https:\/\/tiaraju.ppg.br\/site\/wp-json\/wp\/v2\/users\/1"}],"replies":[{"embeddable":true,"href":"https:\/\/tiaraju.ppg.br\/site\/wp-json\/wp\/v2\/comments?post=2972"}],"version-history":[{"count":22,"href":"https:\/\/tiaraju.ppg.br\/site\/wp-json\/wp\/v2\/pages\/2972\/revisions"}],"predecessor-version":[{"id":3126,"href":"https:\/\/tiaraju.ppg.br\/site\/wp-json\/wp\/v2\/pages\/2972\/revisions\/3126"}],"wp:attachment":[{"href":"https:\/\/tiaraju.ppg.br\/site\/wp-json\/wp\/v2\/media?parent=2972"}],"curies":[{"name":"wp","href":"https:\/\/api.w.org\/{rel}","templated":true}]}}