{"id":2878,"date":"2026-01-06T16:37:45","date_gmt":"2026-01-06T19:37:45","guid":{"rendered":"https:\/\/tiaraju.ppg.br\/site\/?page_id=2878"},"modified":"2026-01-07T00:04:58","modified_gmt":"2026-01-07T03:04:58","slug":"a_materializacao_da_memoria","status":"publish","type":"page","link":"https:\/\/tiaraju.ppg.br\/site\/a_materializacao_da_memoria\/","title":{"rendered":"A Materializa\u00e7\u00e3o da Mem\u00f3ria"},"content":{"rendered":"\t\t<div data-elementor-type=\"wp-page\" data-elementor-id=\"2878\" class=\"elementor elementor-2878\">\n\t\t\t\t\t\t<section class=\"elementor-section elementor-top-section elementor-element elementor-element-3a0a08f elementor-section-full_width elementor-section-height-min-height elementor-section-height-default elementor-section-items-middle\" data-id=\"3a0a08f\" data-element_type=\"section\" data-settings=\"{&quot;background_background&quot;:&quot;classic&quot;}\">\n\t\t\t\t\t\t\t<div class=\"elementor-background-overlay\"><\/div>\n\t\t\t\t\t\t\t<div class=\"elementor-container elementor-column-gap-default\">\n\t\t\t\t\t<div class=\"elementor-column elementor-col-100 elementor-top-column elementor-element elementor-element-c9c2210\" data-id=\"c9c2210\" data-element_type=\"column\">\n\t\t\t<div class=\"elementor-widget-wrap\">\n\t\t\t\t\t\t\t<\/div>\n\t\t<\/div>\n\t\t\t\t\t<\/div>\n\t\t<\/section>\n\t\t\t\t<section class=\"elementor-section elementor-top-section elementor-element elementor-element-e96ea14 elementor-section-boxed elementor-section-height-default elementor-section-height-default\" data-id=\"e96ea14\" data-element_type=\"section\" data-settings=\"{&quot;background_background&quot;:&quot;classic&quot;}\">\n\t\t\t\t\t\t<div class=\"elementor-container elementor-column-gap-default\">\n\t\t\t\t\t<div class=\"elementor-column elementor-col-100 elementor-top-column elementor-element elementor-element-1c4e3c4\" data-id=\"1c4e3c4\" data-element_type=\"column\">\n\t\t\t<div class=\"elementor-widget-wrap elementor-element-populated\">\n\t\t\t\t\t\t<div class=\"elementor-element elementor-element-ec156da elementor-widget elementor-widget-spacer\" data-id=\"ec156da\" data-element_type=\"widget\" data-widget_type=\"spacer.default\">\n\t\t\t\t<div class=\"elementor-widget-container\">\n\t\t\t\t\t\t\t<div class=\"elementor-spacer\">\n\t\t\t<div class=\"elementor-spacer-inner\"><\/div>\n\t\t<\/div>\n\t\t\t\t\t\t<\/div>\n\t\t\t\t<\/div>\n\t\t\t\t<div class=\"elementor-element elementor-element-33144ca elementor-widget elementor-widget-heading\" data-id=\"33144ca\" data-element_type=\"widget\" data-widget_type=\"heading.default\">\n\t\t\t\t<div class=\"elementor-widget-container\">\n\t\t\t\t\t<h1 class=\"elementor-heading-title elementor-size-default\">Relat\u00f3rio de Gest\u00e3o 2025: A Materializa\u00e7\u00e3o da Mem\u00f3ria.<\/h1>\t\t\t\t<\/div>\n\t\t\t\t<\/div>\n\t\t\t\t<div class=\"elementor-element elementor-element-6e58195 elementor-widget elementor-widget-text-editor\" data-id=\"6e58195\" data-element_type=\"widget\" data-widget_type=\"text-editor.default\">\n\t\t\t\t<div class=\"elementor-widget-container\">\n\t\t\t\t\t\t\t\t\t<div><strong><span class=\"bold\">O Desafio\u00a0<\/span><\/strong><\/div><div>Sintetizar um ano de grandes entregas. O ciclo de 2025 foi um marco tang\u00edvel na hist\u00f3ria da cooperativa, com a inaugura\u00e7\u00e3o oficial de estruturas complexas (o novo Centro Comercial e a Unidade 03) e o lan\u00e7amento do conceito &#8220;Rumo aos 25 Anos&#8221;. O material precisava equilibrar a celebra\u00e7\u00e3o dessas conquistas f\u00edsicas com o rigor e a transpar\u00eancia exigidos em uma presta\u00e7\u00e3o de contas.<\/div><div>\u00a0<\/div><div><strong><span class=\"bold\">A Solu\u00e7\u00e3o (Jornalismo + Design)\u00a0<\/span><\/strong><\/div><div>Como editor e diagramador, a estrat\u00e9gia foi criar uma narrativa visual que dimensionasse o tamanho desse crescimento.<\/div><ul><li><strong><span class=\"bold\">Hierarquia da Informa\u00e7\u00e3o:<\/span><\/strong>\u00a0Manchetes fortes que resumem os fatos, permitindo leitura r\u00e1pida e objetiva.<\/li><li><strong><span class=\"bold\">Narrativa Humanizada: <\/span><\/strong>O foco visual conecta as obras de concreto \u00e0s pessoas (associados) que as tornaram poss\u00edveis.<\/li><li><span class=\"bold\"><strong>Legibilidade:<\/strong> <\/span>Uso de grids modulares para organizar o alto volume de dados financeiros e institucionais sem poluir a p\u00e1gina.<\/li><\/ul>\t\t\t\t\t\t\t\t<\/div>\n\t\t\t\t<\/div>\n\t\t\t\t<div class=\"elementor-element elementor-element-5cdf86e elementor-widget elementor-widget-image\" data-id=\"5cdf86e\" data-element_type=\"widget\" data-widget_type=\"image.default\">\n\t\t\t\t<div class=\"elementor-widget-container\">\n\t\t\t\t\t\t\t\t\t\t\t\t<figure class=\"wp-caption\">\n\t\t\t\t\t\t\t\t\t\t<img fetchpriority=\"high\" decoding=\"async\" width=\"1920\" height=\"1080\" src=\"https:\/\/tiaraju.ppg.br\/site\/wp-content\/uploads\/2026\/01\/Informativo-2.jpg\" class=\"attachment-full size-full wp-image-2880\" alt=\"\" srcset=\"https:\/\/tiaraju.ppg.br\/site\/wp-content\/uploads\/2026\/01\/Informativo-2.jpg 1920w, https:\/\/tiaraju.ppg.br\/site\/wp-content\/uploads\/2026\/01\/Informativo-2-300x169.jpg 300w, https:\/\/tiaraju.ppg.br\/site\/wp-content\/uploads\/2026\/01\/Informativo-2-1024x576.jpg 1024w, https:\/\/tiaraju.ppg.br\/site\/wp-content\/uploads\/2026\/01\/Informativo-2-768x432.jpg 768w, https:\/\/tiaraju.ppg.br\/site\/wp-content\/uploads\/2026\/01\/Informativo-2-1536x864.jpg 1536w, https:\/\/tiaraju.ppg.br\/site\/wp-content\/uploads\/2026\/01\/Informativo-2-800x450.jpg 800w\" sizes=\"(max-width: 1920px) 100vw, 1920px\" \/>\t\t\t\t\t\t\t\t\t\t\t<figcaption class=\"widget-image-caption wp-caption-text\"><\/figcaption>\n\t\t\t\t\t\t\t\t\t\t<\/figure>\n\t\t\t\t\t\t\t\t\t<\/div>\n\t\t\t\t<\/div>\n\t\t\t\t<div class=\"elementor-element elementor-element-65f56e2 elementor-widget elementor-widget-text-editor\" data-id=\"65f56e2\" data-element_type=\"widget\" data-widget_type=\"text-editor.default\">\n\t\t\t\t<div class=\"elementor-widget-container\">\n\t\t\t\t\t\t\t\t\t<p>O <strong>Informativo Anual<\/strong> n\u00e3o \u00e9 apenas um impresso, \u00e9 o documento oficial da hist\u00f3ria da Cooperativa. O projeto gr\u00e1fico foi pensado para garantir uma experi\u00eancia de leitura fluida, com acabamento editorial que valoriza a marca institucional nas m\u00e3os do associado.<\/p><p>\u00a0<\/p>\t\t\t\t\t\t\t\t<\/div>\n\t\t\t\t<\/div>\n\t\t\t\t<div class=\"elementor-element elementor-element-067163d elementor-widget elementor-widget-image\" data-id=\"067163d\" data-element_type=\"widget\" data-widget_type=\"image.default\">\n\t\t\t\t<div class=\"elementor-widget-container\">\n\t\t\t\t\t\t\t\t\t\t\t\t<figure class=\"wp-caption\">\n\t\t\t\t\t\t\t\t\t\t<img decoding=\"async\" width=\"1920\" height=\"1080\" src=\"https:\/\/tiaraju.ppg.br\/site\/wp-content\/uploads\/2026\/01\/Informativo-2-copiar.jpg\" class=\"attachment-full size-full wp-image-2884\" alt=\"\" srcset=\"https:\/\/tiaraju.ppg.br\/site\/wp-content\/uploads\/2026\/01\/Informativo-2-copiar.jpg 1920w, https:\/\/tiaraju.ppg.br\/site\/wp-content\/uploads\/2026\/01\/Informativo-2-copiar-300x169.jpg 300w, https:\/\/tiaraju.ppg.br\/site\/wp-content\/uploads\/2026\/01\/Informativo-2-copiar-1024x576.jpg 1024w, https:\/\/tiaraju.ppg.br\/site\/wp-content\/uploads\/2026\/01\/Informativo-2-copiar-768x432.jpg 768w, https:\/\/tiaraju.ppg.br\/site\/wp-content\/uploads\/2026\/01\/Informativo-2-copiar-1536x864.jpg 1536w, https:\/\/tiaraju.ppg.br\/site\/wp-content\/uploads\/2026\/01\/Informativo-2-copiar-800x450.jpg 800w\" sizes=\"(max-width: 1920px) 100vw, 1920px\" \/>\t\t\t\t\t\t\t\t\t\t\t<figcaption class=\"widget-image-caption wp-caption-text\"><\/figcaption>\n\t\t\t\t\t\t\t\t\t\t<\/figure>\n\t\t\t\t\t\t\t\t\t<\/div>\n\t\t\t\t<\/div>\n\t\t\t\t<div class=\"elementor-element elementor-element-9c458b2 elementor-widget elementor-widget-text-editor\" data-id=\"9c458b2\" data-element_type=\"widget\" data-widget_type=\"text-editor.default\">\n\t\t\t\t<div class=\"elementor-widget-container\">\n\t\t\t\t\t\t\t\t\t<p><strong>Presta\u00e7\u00e3o de Contas Visual<\/strong> P\u00e1ginas dedicadas a tangibilizar os maiores investimentos do ciclo. O uso de composi\u00e7\u00f5es fotogr\u00e1ficas amplas ajuda a dimensionar o tamanho das novas estruturas (Centro Comercial e Unidade de Recebimento), transformando n\u00fameros de balan\u00e7o em patrim\u00f4nio vis\u00edvel.<\/p><p>\u00a0<\/p>\t\t\t\t\t\t\t\t<\/div>\n\t\t\t\t<\/div>\n\t\t\t\t<div class=\"elementor-element elementor-element-6b0ca16 elementor-widget elementor-widget-image\" data-id=\"6b0ca16\" data-element_type=\"widget\" data-widget_type=\"image.default\">\n\t\t\t\t<div class=\"elementor-widget-container\">\n\t\t\t\t\t\t\t\t\t\t\t\t\t\t\t<img decoding=\"async\" width=\"1920\" height=\"1080\" src=\"https:\/\/tiaraju.ppg.br\/site\/wp-content\/uploads\/2026\/01\/Informativo-2-copiar-2.jpg\" class=\"attachment-full size-full wp-image-2885\" alt=\"\" srcset=\"https:\/\/tiaraju.ppg.br\/site\/wp-content\/uploads\/2026\/01\/Informativo-2-copiar-2.jpg 1920w, https:\/\/tiaraju.ppg.br\/site\/wp-content\/uploads\/2026\/01\/Informativo-2-copiar-2-300x169.jpg 300w, https:\/\/tiaraju.ppg.br\/site\/wp-content\/uploads\/2026\/01\/Informativo-2-copiar-2-1024x576.jpg 1024w, https:\/\/tiaraju.ppg.br\/site\/wp-content\/uploads\/2026\/01\/Informativo-2-copiar-2-768x432.jpg 768w, https:\/\/tiaraju.ppg.br\/site\/wp-content\/uploads\/2026\/01\/Informativo-2-copiar-2-1536x864.jpg 1536w, https:\/\/tiaraju.ppg.br\/site\/wp-content\/uploads\/2026\/01\/Informativo-2-copiar-2-800x450.jpg 800w\" sizes=\"(max-width: 1920px) 100vw, 1920px\" \/>\t\t\t\t\t\t\t\t\t\t\t\t\t\t\t<\/div>\n\t\t\t\t<\/div>\n\t\t\t\t<div class=\"elementor-element elementor-element-79cb8d4 elementor-widget elementor-widget-text-editor\" data-id=\"79cb8d4\" data-element_type=\"widget\" data-widget_type=\"text-editor.default\">\n\t\t\t\t<div class=\"elementor-widget-container\">\n\t\t\t\t\t\t\t\t\t<p><strong><span class=\"bold\">Sensibilidade Editorial\u00a0<\/span><\/strong>O relat\u00f3rio n\u00e3o esconde os momentos adversos. A diagrama\u00e7\u00e3o da p\u00e1gina sobre o temporal e a rede de solidariedade utiliza uma est\u00e9tica s\u00f3bria, respeitando a gravidade do tema e refor\u00e7ando o papel social da cooperativa: &#8220;Ningu\u00e9m fica para tr\u00e1s&#8221;.<\/p><p>\u00a0<\/p>\t\t\t\t\t\t\t\t<\/div>\n\t\t\t\t<\/div>\n\t\t\t\t<div class=\"elementor-element elementor-element-529a67d elementor-widget elementor-widget-image\" data-id=\"529a67d\" data-element_type=\"widget\" data-widget_type=\"image.default\">\n\t\t\t\t<div class=\"elementor-widget-container\">\n\t\t\t\t\t\t\t\t\t\t\t\t\t\t\t<img loading=\"lazy\" decoding=\"async\" width=\"1920\" height=\"1080\" src=\"https:\/\/tiaraju.ppg.br\/site\/wp-content\/uploads\/2026\/01\/Informativo-2-copiar-3.jpg\" class=\"attachment-full size-full wp-image-2886\" alt=\"\" srcset=\"https:\/\/tiaraju.ppg.br\/site\/wp-content\/uploads\/2026\/01\/Informativo-2-copiar-3.jpg 1920w, https:\/\/tiaraju.ppg.br\/site\/wp-content\/uploads\/2026\/01\/Informativo-2-copiar-3-300x169.jpg 300w, https:\/\/tiaraju.ppg.br\/site\/wp-content\/uploads\/2026\/01\/Informativo-2-copiar-3-1024x576.jpg 1024w, https:\/\/tiaraju.ppg.br\/site\/wp-content\/uploads\/2026\/01\/Informativo-2-copiar-3-768x432.jpg 768w, https:\/\/tiaraju.ppg.br\/site\/wp-content\/uploads\/2026\/01\/Informativo-2-copiar-3-1536x864.jpg 1536w, https:\/\/tiaraju.ppg.br\/site\/wp-content\/uploads\/2026\/01\/Informativo-2-copiar-3-800x450.jpg 800w\" sizes=\"(max-width: 1920px) 100vw, 1920px\" \/>\t\t\t\t\t\t\t\t\t\t\t\t\t\t\t<\/div>\n\t\t\t\t<\/div>\n\t\t\t\t<div class=\"elementor-element elementor-element-d4fafc4 elementor-widget elementor-widget-text-editor\" data-id=\"d4fafc4\" data-element_type=\"widget\" data-widget_type=\"text-editor.default\">\n\t\t\t\t<div class=\"elementor-widget-container\">\n\t\t\t\t\t\t\t\t\t<p><strong><span class=\"bold\">Arquitetura da Informa\u00e7\u00e3o<\/span>\u00a0<\/strong>Mesmo nas p\u00e1ginas com alto volume de texto t\u00e9cnico e informativo, o uso rigoroso de grids e colunas garante o &#8220;respiro&#8221; necess\u00e1rio para uma leitura confort\u00e1vel e fluida.<\/p><p>\u00a0<\/p>\t\t\t\t\t\t\t\t<\/div>\n\t\t\t\t<\/div>\n\t\t\t\t<div class=\"elementor-element elementor-element-b7ebdb3 elementor-widget elementor-widget-image\" data-id=\"b7ebdb3\" data-element_type=\"widget\" data-widget_type=\"image.default\">\n\t\t\t\t<div class=\"elementor-widget-container\">\n\t\t\t\t\t\t\t\t\t\t\t\t\t\t\t<img loading=\"lazy\" decoding=\"async\" width=\"1920\" height=\"1080\" src=\"https:\/\/tiaraju.ppg.br\/site\/wp-content\/uploads\/2026\/01\/Informativo-2-copiar-4.jpg\" class=\"attachment-full size-full wp-image-2887\" alt=\"\" srcset=\"https:\/\/tiaraju.ppg.br\/site\/wp-content\/uploads\/2026\/01\/Informativo-2-copiar-4.jpg 1920w, https:\/\/tiaraju.ppg.br\/site\/wp-content\/uploads\/2026\/01\/Informativo-2-copiar-4-300x169.jpg 300w, https:\/\/tiaraju.ppg.br\/site\/wp-content\/uploads\/2026\/01\/Informativo-2-copiar-4-1024x576.jpg 1024w, https:\/\/tiaraju.ppg.br\/site\/wp-content\/uploads\/2026\/01\/Informativo-2-copiar-4-768x432.jpg 768w, https:\/\/tiaraju.ppg.br\/site\/wp-content\/uploads\/2026\/01\/Informativo-2-copiar-4-1536x864.jpg 1536w, https:\/\/tiaraju.ppg.br\/site\/wp-content\/uploads\/2026\/01\/Informativo-2-copiar-4-800x450.jpg 800w\" sizes=\"(max-width: 1920px) 100vw, 1920px\" \/>\t\t\t\t\t\t\t\t\t\t\t\t\t\t\t<\/div>\n\t\t\t\t<\/div>\n\t\t\t\t\t<\/div>\n\t\t<\/div>\n\t\t\t\t\t<\/div>\n\t\t<\/section>\n\t\t\t\t<section class=\"elementor-section elementor-top-section elementor-element elementor-element-9326583 elementor-section-boxed elementor-section-height-default elementor-section-height-default\" data-id=\"9326583\" data-element_type=\"section\" data-settings=\"{&quot;background_background&quot;:&quot;classic&quot;}\">\n\t\t\t\t\t\t<div class=\"elementor-container elementor-column-gap-default\">\n\t\t\t\t\t<div class=\"elementor-column elementor-col-100 elementor-top-column elementor-element elementor-element-ee6393f\" data-id=\"ee6393f\" data-element_type=\"column\">\n\t\t\t<div class=\"elementor-widget-wrap elementor-element-populated\">\n\t\t\t\t\t\t<div class=\"elementor-element elementor-element-0047e66 elementor-widget elementor-widget-spacer\" data-id=\"0047e66\" data-element_type=\"widget\" data-widget_type=\"spacer.default\">\n\t\t\t\t<div class=\"elementor-widget-container\">\n\t\t\t\t\t\t\t<div class=\"elementor-spacer\">\n\t\t\t<div class=\"elementor-spacer-inner\"><\/div>\n\t\t<\/div>\n\t\t\t\t\t\t<\/div>\n\t\t\t\t<\/div>\n\t\t\t\t<div class=\"elementor-element elementor-element-e439777 elementor-widget-divider--view-line elementor-widget elementor-widget-divider\" data-id=\"e439777\" data-element_type=\"widget\" data-widget_type=\"divider.default\">\n\t\t\t\t<div class=\"elementor-widget-container\">\n\t\t\t\t\t\t\t<div class=\"elementor-divider\">\n\t\t\t<span class=\"elementor-divider-separator\">\n\t\t\t\t\t\t<\/span>\n\t\t<\/div>\n\t\t\t\t\t\t<\/div>\n\t\t\t\t<\/div>\n\t\t\t\t<div class=\"elementor-element elementor-element-9f9bbf8 elementor-widget elementor-widget-heading\" data-id=\"9f9bbf8\" data-element_type=\"widget\" data-widget_type=\"heading.default\">\n\t\t\t\t<div class=\"elementor-widget-container\">\n\t\t\t\t\t<h2 class=\"elementor-heading-title elementor-size-default\">Veja outros projetos tamb\u00e9m:<\/h2>\t\t\t\t<\/div>\n\t\t\t\t<\/div>\n\t\t\t\t\t<\/div>\n\t\t<\/div>\n\t\t\t\t\t<\/div>\n\t\t<\/section>\n\t\t\t\t<section class=\"elementor-section elementor-top-section elementor-element elementor-element-ea155df elementor-section-boxed elementor-section-height-default elementor-section-height-default\" data-id=\"ea155df\" data-element_type=\"section\" data-settings=\"{&quot;background_background&quot;:&quot;classic&quot;}\">\n\t\t\t\t\t\t<div class=\"elementor-container elementor-column-gap-default\">\n\t\t\t\t\t<div class=\"elementor-column elementor-col-50 elementor-top-column elementor-element elementor-element-2e276aa\" data-id=\"2e276aa\" data-element_type=\"column\">\n\t\t\t<div class=\"elementor-widget-wrap elementor-element-populated\">\n\t\t\t\t\t\t<div class=\"elementor-element elementor-element-11cf85b elementor-widget elementor-widget-image\" data-id=\"11cf85b\" data-element_type=\"widget\" data-widget_type=\"image.default\">\n\t\t\t\t<div class=\"elementor-widget-container\">\n\t\t\t\t\t\t\t\t\t\t\t\t<figure class=\"wp-caption\">\n\t\t\t\t\t\t\t\t\t\t\t<a href=\"https:\/\/tiaraju.ppg.br\/site\/gestao-editorial-continua\/\">\n\t\t\t\t\t\t\t<img loading=\"lazy\" decoding=\"async\" width=\"1024\" height=\"576\" src=\"https:\/\/tiaraju.ppg.br\/site\/wp-content\/uploads\/2026\/01\/Revista-5-1024x576.jpg\" class=\"elementor-animation-float attachment-large size-large wp-image-2893\" alt=\"\" srcset=\"https:\/\/tiaraju.ppg.br\/site\/wp-content\/uploads\/2026\/01\/Revista-5-1024x576.jpg 1024w, https:\/\/tiaraju.ppg.br\/site\/wp-content\/uploads\/2026\/01\/Revista-5-300x169.jpg 300w, https:\/\/tiaraju.ppg.br\/site\/wp-content\/uploads\/2026\/01\/Revista-5-768x432.jpg 768w, https:\/\/tiaraju.ppg.br\/site\/wp-content\/uploads\/2026\/01\/Revista-5-1536x864.jpg 1536w, https:\/\/tiaraju.ppg.br\/site\/wp-content\/uploads\/2026\/01\/Revista-5-800x450.jpg 800w, https:\/\/tiaraju.ppg.br\/site\/wp-content\/uploads\/2026\/01\/Revista-5.jpg 1920w\" sizes=\"(max-width: 1024px) 100vw, 1024px\" \/>\t\t\t\t\t\t\t\t<\/a>\n\t\t\t\t\t\t\t\t\t\t\t<figcaption class=\"widget-image-caption wp-caption-text\">Gest\u00e3o Editorial Cont\u00ednua: Revista Comunica\u00e7\u00e3o<\/figcaption>\n\t\t\t\t\t\t\t\t\t\t<\/figure>\n\t\t\t\t\t\t\t\t\t<\/div>\n\t\t\t\t<\/div>\n\t\t\t\t\t<\/div>\n\t\t<\/div>\n\t\t\t\t<div class=\"elementor-column elementor-col-50 elementor-top-column elementor-element elementor-element-6bf0af6\" data-id=\"6bf0af6\" data-element_type=\"column\">\n\t\t\t<div class=\"elementor-widget-wrap elementor-element-populated\">\n\t\t\t\t\t\t<div class=\"elementor-element elementor-element-69f3074 elementor-widget elementor-widget-image\" data-id=\"69f3074\" data-element_type=\"widget\" data-widget_type=\"image.default\">\n\t\t\t\t<div class=\"elementor-widget-container\">\n\t\t\t\t\t\t\t\t\t\t\t\t<figure class=\"wp-caption\">\n\t\t\t\t\t\t\t\t\t\t\t<a href=\"https:\/\/tiaraju.ppg.br\/site\/gestao-de-linha-de-produtos-e-design-de-embalagem\/\">\n\t\t\t\t\t\t\t<img loading=\"lazy\" decoding=\"async\" width=\"1024\" height=\"576\" src=\"https:\/\/tiaraju.ppg.br\/site\/wp-content\/uploads\/2026\/01\/Sucos-1024x576.jpg\" class=\"elementor-animation-float attachment-large size-large wp-image-2892\" alt=\"\" srcset=\"https:\/\/tiaraju.ppg.br\/site\/wp-content\/uploads\/2026\/01\/Sucos-1024x576.jpg 1024w, https:\/\/tiaraju.ppg.br\/site\/wp-content\/uploads\/2026\/01\/Sucos-300x169.jpg 300w, https:\/\/tiaraju.ppg.br\/site\/wp-content\/uploads\/2026\/01\/Sucos-768x432.jpg 768w, https:\/\/tiaraju.ppg.br\/site\/wp-content\/uploads\/2026\/01\/Sucos-1536x864.jpg 1536w, https:\/\/tiaraju.ppg.br\/site\/wp-content\/uploads\/2026\/01\/Sucos-800x450.jpg 800w, https:\/\/tiaraju.ppg.br\/site\/wp-content\/uploads\/2026\/01\/Sucos.jpg 1920w\" sizes=\"(max-width: 1024px) 100vw, 1024px\" \/>\t\t\t\t\t\t\t\t<\/a>\n\t\t\t\t\t\t\t\t\t\t\t<figcaption class=\"widget-image-caption wp-caption-text\">Gest\u00e3o de Linha de Produtos e Design de Embalagem<\/figcaption>\n\t\t\t\t\t\t\t\t\t\t<\/figure>\n\t\t\t\t\t\t\t\t\t<\/div>\n\t\t\t\t<\/div>\n\t\t\t\t\t<\/div>\n\t\t<\/div>\n\t\t\t\t\t<\/div>\n\t\t<\/section>\n\t\t\t\t<section class=\"elementor-section elementor-top-section elementor-element elementor-element-1701076 elementor-section-boxed elementor-section-height-default elementor-section-height-default\" data-id=\"1701076\" data-element_type=\"section\" data-settings=\"{&quot;background_background&quot;:&quot;classic&quot;}\">\n\t\t\t\t\t\t<div class=\"elementor-container elementor-column-gap-default\">\n\t\t\t\t\t<div class=\"elementor-column elementor-col-100 elementor-top-column elementor-element elementor-element-b3f5a72\" data-id=\"b3f5a72\" data-element_type=\"column\">\n\t\t\t<div class=\"elementor-widget-wrap elementor-element-populated\">\n\t\t\t\t\t\t<div class=\"elementor-element elementor-element-c86c404 elementor-widget elementor-widget-spacer\" data-id=\"c86c404\" data-element_type=\"widget\" data-widget_type=\"spacer.default\">\n\t\t\t\t<div class=\"elementor-widget-container\">\n\t\t\t\t\t\t\t<div class=\"elementor-spacer\">\n\t\t\t<div class=\"elementor-spacer-inner\"><\/div>\n\t\t<\/div>\n\t\t\t\t\t\t<\/div>\n\t\t\t\t<\/div>\n\t\t\t\t\t<\/div>\n\t\t<\/div>\n\t\t\t\t\t<\/div>\n\t\t<\/section>\n\t\t\t\t<\/div>\n\t\t","protected":false},"excerpt":{"rendered":"<p>Relat\u00f3rio de Gest\u00e3o 2025: A Materializa\u00e7\u00e3o da Mem\u00f3ria. O Desafio\u00a0Sintetizar um ano de grandes entregas. O ciclo de 2025 foi um marco tang\u00edvel na hist\u00f3ria da cooperativa, com a inaugura\u00e7\u00e3o oficial de estruturas complexas (o novo Centro Comercial e a Unidade 03) e o lan\u00e7amento do conceito &#8220;Rumo aos 25 Anos&#8221;. O material precisava equilibrar [&hellip;]<\/p>\n","protected":false},"author":1,"featured_media":0,"parent":0,"menu_order":0,"comment_status":"closed","ping_status":"closed","template":"elementor_header_footer","meta":{"ocean_post_layout":"","ocean_both_sidebars_style":"","ocean_both_sidebars_content_width":0,"ocean_both_sidebars_sidebars_width":0,"ocean_sidebar":"","ocean_second_sidebar":"","ocean_disable_margins":"enable","ocean_add_body_class":"","ocean_shortcode_before_top_bar":"","ocean_shortcode_after_top_bar":"","ocean_shortcode_before_header":"","ocean_shortcode_after_header":"","ocean_has_shortcode":"","ocean_shortcode_after_title":"","ocean_shortcode_before_footer_widgets":"","ocean_shortcode_after_footer_widgets":"","ocean_shortcode_before_footer_bottom":"","ocean_shortcode_after_footer_bottom":"","ocean_display_top_bar":"default","ocean_display_header":"default","ocean_header_style":"","ocean_center_header_left_menu":"","ocean_custom_header_template":"","ocean_custom_logo":0,"ocean_custom_retina_logo":0,"ocean_custom_logo_max_width":0,"ocean_custom_logo_tablet_max_width":0,"ocean_custom_logo_mobile_max_width":0,"ocean_custom_logo_max_height":0,"ocean_custom_logo_tablet_max_height":0,"ocean_custom_logo_mobile_max_height":0,"ocean_header_custom_menu":"","ocean_menu_typo_font_family":"","ocean_menu_typo_font_subset":"","ocean_menu_typo_font_size":0,"ocean_menu_typo_font_size_tablet":0,"ocean_menu_typo_font_size_mobile":0,"ocean_menu_typo_font_size_unit":"px","ocean_menu_typo_font_weight":"","ocean_menu_typo_font_weight_tablet":"","ocean_menu_typo_font_weight_mobile":"","ocean_menu_typo_transform":"","ocean_menu_typo_transform_tablet":"","ocean_menu_typo_transform_mobile":"","ocean_menu_typo_line_height":0,"ocean_menu_typo_line_height_tablet":0,"ocean_menu_typo_line_height_mobile":0,"ocean_menu_typo_line_height_unit":"","ocean_menu_typo_spacing":0,"ocean_menu_typo_spacing_tablet":0,"ocean_menu_typo_spacing_mobile":0,"ocean_menu_typo_spacing_unit":"","ocean_menu_link_color":"","ocean_menu_link_color_hover":"","ocean_menu_link_color_active":"","ocean_menu_link_background":"","ocean_menu_link_hover_background":"","ocean_menu_link_active_background":"","ocean_menu_social_links_bg":"","ocean_menu_social_hover_links_bg":"","ocean_menu_social_links_color":"","ocean_menu_social_hover_links_color":"","ocean_disable_title":"default","ocean_disable_heading":"default","ocean_post_title":"","ocean_post_subheading":"","ocean_post_title_style":"","ocean_post_title_background_color":"","ocean_post_title_background":0,"ocean_post_title_bg_image_position":"","ocean_post_title_bg_image_attachment":"","ocean_post_title_bg_image_repeat":"","ocean_post_title_bg_image_size":"","ocean_post_title_height":0,"ocean_post_title_bg_overlay":0.5,"ocean_post_title_bg_overlay_color":"","ocean_disable_breadcrumbs":"default","ocean_breadcrumbs_color":"","ocean_breadcrumbs_separator_color":"","ocean_breadcrumbs_links_color":"","ocean_breadcrumbs_links_hover_color":"","ocean_display_footer_widgets":"default","ocean_display_footer_bottom":"default","ocean_custom_footer_template":"","footnotes":""},"class_list":["post-2878","page","type-page","status-publish","hentry","entry"],"aioseo_notices":[],"_links":{"self":[{"href":"https:\/\/tiaraju.ppg.br\/site\/wp-json\/wp\/v2\/pages\/2878","targetHints":{"allow":["GET"]}}],"collection":[{"href":"https:\/\/tiaraju.ppg.br\/site\/wp-json\/wp\/v2\/pages"}],"about":[{"href":"https:\/\/tiaraju.ppg.br\/site\/wp-json\/wp\/v2\/types\/page"}],"author":[{"embeddable":true,"href":"https:\/\/tiaraju.ppg.br\/site\/wp-json\/wp\/v2\/users\/1"}],"replies":[{"embeddable":true,"href":"https:\/\/tiaraju.ppg.br\/site\/wp-json\/wp\/v2\/comments?post=2878"}],"version-history":[{"count":45,"href":"https:\/\/tiaraju.ppg.br\/site\/wp-json\/wp\/v2\/pages\/2878\/revisions"}],"predecessor-version":[{"id":3120,"href":"https:\/\/tiaraju.ppg.br\/site\/wp-json\/wp\/v2\/pages\/2878\/revisions\/3120"}],"wp:attachment":[{"href":"https:\/\/tiaraju.ppg.br\/site\/wp-json\/wp\/v2\/media?parent=2878"}],"curies":[{"name":"wp","href":"https:\/\/api.w.org\/{rel}","templated":true}]}}